{"id":5950,"date":"2024-02-04T00:39:59","date_gmt":"2024-02-03T23:39:59","guid":{"rendered":"https:\/\/plymoth.com\/integritetspolicy\/"},"modified":"2024-09-30T12:50:20","modified_gmt":"2024-09-30T10:50:20","slug":"integritetspolicy","status":"publish","type":"page","link":"https:\/\/plymoth.com\/sv\/integritetspolicy\/","title":{"rendered":"Integritetspolicy"},"content":{"rendered":"<p>J.Plymoth AB i Traryd \u00e4r personuppgiftsansvarig f\u00f6r den behandling av personuppgifter som beskrivs i denna integritetspolicy.<br \/>\nI denna integritetspolicy f\u00f6rklarar vi vilka typer av personuppgifter vi lagrar och hur vi behandlar dem.Denna integritetspolicy g\u00e4ller f\u00f6r: https: <a href=\"https:\/\/plymoth.com\/\" target=\"_blank\" rel=\"noopener\" data-saferedirecturl=\"https:\/\/www.google.com\/url?q=https:\/\/plymoth.com\/&amp;source=gmail&amp;ust=1707813296866000&amp;usg=AOvVaw0W4raH8GU-LL4zN2Kp7tWI\"> \/\/plymoth.com\/.<\/a><br \/>\nObservera att J. Plymoth AB endast s\u00e4ljer till f\u00f6retag och organisationer, aldrig till privatpersoner.<\/p>\n<p>Dataskyddsf\u00f6rordningen \u00e4r den svenska ben\u00e4mningen p\u00e5 GDPR (General Data Protection Regulation) som tr\u00e4dde i kraft den 25 maj 2018 och \u00e4r det till\u00e4mpliga regelverket f\u00f6r behandling av personuppgifter.<\/p>\n<p><b><u>Personuppgifter som vi samlar in och behandlar<\/u><\/b> <\/p>\n<p>Vi behandlar f\u00f6ljande kategorier av personuppgifter:<\/p>\n<ul style=\"font-weight: 400;\">\n<li><strong>Grundl\u00e4ggande information om anst\u00e4llda:<\/strong> Namn, f\u00f6delsedatum, anst\u00e4llningsf\u00f6rh\u00e5llande.<\/li>\n<li><strong>Grundl\u00e4ggande information om kunder: <\/strong>Namn, f\u00f6retag.<\/li>\n<li><strong>Kontaktuppgifter till dig:<\/strong> Adress, telefonnummer, e-postadress.<\/li>\n<li><strong>Konto- och profilinformation:<\/strong> Inst\u00e4llningar, preferenser.<\/li>\n<li><strong>Betalningsinformation:<\/strong> Transaktionsinformation, betalningsmetoder.<\/li>\n<li><strong>Kundhistorik och engagemang:<\/strong> Order- och leveransinformation, rabattkoder.<\/li>\n<li><strong>Aktiva och tidigare avtal.<\/strong><\/li>\n<li><strong>Kundaktivitet:<\/strong> L\u00e4s- och handlingshistorik fr\u00e5n elektronisk kommunikation som vi skickar ut.<\/li>\n<li><strong>Cookies (kakor):<\/strong> V\u00e5r webbplats anv\u00e4nder inte cookies.<\/li>\n<\/ul>\n<p>Personuppgifter samlas vanligtvis in direkt fr\u00e5n dig eller genereras n\u00e4r du anv\u00e4nder v\u00e5ra tj\u00e4nster och produkter.<br \/>\nVi h\u00e4mtar inte personuppgifter fr\u00e5n andra k\u00e4llor. <\/p>\n<p><b><u>Hur vi anv\u00e4nder personuppgifter<\/u><\/b><\/p>\n<p><b>Leverans av tj\u00e4nst\/avtal<\/b><br \/>\nVi anv\u00e4nder dina personuppgifter f\u00f6r att fullg\u00f6ra v\u00e5ra avtal med dig, dvs. n\u00e4r du har best\u00e4llt en vara eller tj\u00e4nst av oss.<br \/>\nDen r\u00e4ttsliga grunden f\u00f6r behandling av personuppgifter f\u00f6r detta \u00e4ndam\u00e5l \u00e4r att behandlingen \u00e4r n\u00f6dv\u00e4ndig f\u00f6r att fullg\u00f6ra ett avtal med dig. <\/p>\n<p><b>Hantering<\/b> av <b>kundrelationer<\/b><br \/>\nVi anv\u00e4nder dina personuppgifter f\u00f6r att hantera v\u00e5r kundrelation med dig.<br \/>\nDetta kan innefatta kundservice, hantering av klagom\u00e5l och fels\u00f6kning avseende ditt konto.<\/p>\n<p>Den r\u00e4ttsliga grunden f\u00f6r behandling av personuppgifter f\u00f6r detta \u00e4ndam\u00e5l \u00e4r att behandlingen \u00e4r n\u00f6dv\u00e4ndig f\u00f6r att fullg\u00f6ra ett avtal med dig.<\/p>\n<p>Analys, aff\u00e4rsutveckling och tj\u00e4nstef\u00f6rb\u00e4ttring Vi arbetar kontinuerligt med att utveckla och f\u00f6rb\u00e4ttra v\u00e5ra tj\u00e4nster och produkter.<\/p>\n<p>En stor del av detta arbete inneb\u00e4r att vi analyserar olika former av personuppgifter, t.ex. kundaktivitet, kundhistorik, konto- och profilinformation.<br \/>\nDen r\u00e4ttsliga grunden f\u00f6r att behandla personuppgifter f\u00f6r detta \u00e4ndam\u00e5l \u00e4r v\u00e5rt ber\u00e4ttigade intresse. <\/p>\n<p><b>Anpassad<\/b><br \/>\nanv\u00e4ndarupplevelse Vi anpassar anv\u00e4ndarupplevelsen och kommunikationen till din kundrelation och anv\u00e4nder personuppgifter f\u00f6r detta \u00e4ndam\u00e5l.<\/p>\n<p>Den r\u00e4ttsliga grunden f\u00f6r behandling av personuppgifter f\u00f6r detta \u00e4ndam\u00e5l \u00e4r v\u00e5rt ber\u00e4ttigade intresse.<\/p>\n<p>\u00d6vervakning eller inspelning av telefonsamtal f\u00f6rekommer inte. <\/p>\n<p><b>F\u00f6rs\u00e4ljning och marknadsf\u00f6ring<\/b><br \/>\nVi anv\u00e4nder personuppgifter i samband med f\u00f6rs\u00e4ljning och marknadsf\u00f6ring av v\u00e5ra produkter och tj\u00e4nster, t.ex. genom e-postkommunikation.<br \/>\nDen r\u00e4ttsliga grunden f\u00f6r behandling av personuppgifter f\u00f6r detta \u00e4ndam\u00e5l \u00e4r v\u00e5rt ber\u00e4ttigade intresse.<\/p>\n<p>Du har m\u00f6jlighet att v\u00e4lja bort delar av denna behandling, till exempel genom att v\u00e4lja bort att ta emot e-post fr\u00e5n oss. <\/p>\n<p><b>System\u00f6vervakning, fels\u00f6kning etc.<\/b><br \/>\nVi \u00f6vervakar v\u00e5ra system f\u00f6r att uppt\u00e4cka fel och problem.<\/p>\n<p>Vissa av dessa processer inneb\u00e4r lagring och behandling av personuppgifter.<\/p>\n<p>Den r\u00e4ttsliga grunden f\u00f6r behandling av personuppgifter f\u00f6r detta \u00e4ndam\u00e5l \u00e4r v\u00e5rt ber\u00e4ttigade intresse.<\/p>\n<p>S\u00e4kerhet, uppt\u00e4ckt av bedr\u00e4gerier och brottslig verksamhet Vi behandlar personuppgifter i v\u00e5r str\u00e4van att skydda v\u00e5ra anv\u00e4ndare och oss sj\u00e4lva mot bedr\u00e4gerier, missbruk och brottslig verksamhet. <\/p>\n<p><b>Datalagring<\/b><br \/>\nAlla personuppgifter och tillh\u00f6rande information \u00e4r J.Plymoth AB:s egendom och l\u00e4mnas inte ut eller s\u00e4ljs.<\/p>\n<p>Vi prioriterar den h\u00f6gsta s\u00e4kerhetsniv\u00e5n f\u00f6r lagring och hantering av dessa uppgifter.<\/p>\n<p>Personuppgifter lagras s\u00e5 l\u00e4nge du \u00e4r kund hos oss.<br \/>\nI annat fall g\u00e4ller myndigheternas f\u00f6reskrivna arkiveringstider. <\/p>\n<p><b>Uppfyllande<\/b> av <b>r\u00e4ttsliga f\u00f6rpliktelser<\/b><br \/>\nI vissa fall \u00e4r vi skyldiga att behandla personuppgifter p\u00e5 grund av andra r\u00e4ttsliga f\u00f6rpliktelser.<br \/>\nEtt exempel p\u00e5 detta \u00e4r information relaterad till f\u00f6rs\u00e4ljning, som vi \u00e4r skyldiga att registrera och spara enligt bokf\u00f6ringslagar.<br \/>\nDen r\u00e4ttsliga grunden f\u00f6r att behandla personuppgifter f\u00f6r detta \u00e4ndam\u00e5l \u00e4r att behandlingen \u00e4r n\u00f6dv\u00e4ndig f\u00f6r att fullg\u00f6ra en r\u00e4ttslig f\u00f6rpliktelse som \u00e5vilar oss. <\/p>\n<p><b>Dina r\u00e4ttigheter<\/b><br \/>\nOm du vill ut\u00f6va n\u00e5gon av dina r\u00e4ttigheter kan du kontakta oss p\u00e5 <a> thomas@plymoth.com.<\/a> <\/p>\n<p><b>R\u00e4tt att f\u00e5 tillg\u00e5ng till dina egna uppgifter<\/b><br \/>\nDu kan beg\u00e4ra en kopia av alla uppgifter vi behandlar om dig.<br \/>\nKontakta ovanst\u00e5ende e-postadress f\u00f6r att ut\u00f6va din r\u00e4tt till tillg\u00e5ng. <\/p>\n<p><b>R\u00e4tt till r\u00e4ttelse av personuppgifter<\/b><br \/>\nDu har r\u00e4tt att beg\u00e4ra att vi r\u00e4ttar eller kompletterar uppgifter som \u00e4r felaktiga eller missvisande. <\/p>\n<p><b>R\u00e4tt till radering av personuppgifter<\/b><br \/>\nDu har r\u00e4tt att f\u00e5 dina personuppgifter raderade utan on\u00f6digt dr\u00f6jsm\u00e5l.<br \/>\nDu kan n\u00e4r som helst beg\u00e4ra att vi raderar uppgifter om dig.<\/p>\n<p>Observera att uppgifter som vi \u00e4r skyldiga att beh\u00e5lla p\u00e5 grund av andra r\u00e4ttsliga f\u00f6rpliktelser (t.ex. bokf\u00f6ringslagen) inte kommer att raderas. <\/p>\n<p><b>Begr\u00e4nsning av behandling av personuppgifter<\/b><br \/>\nI vissa situationer kan du \u00e4ven beg\u00e4ra att vi begr\u00e4nsar behandlingen av uppgifter om dig.<br \/>\nDetta g\u00f6r du genom att hantera samtycken eller reservationer i v\u00e5ra l\u00f6sningar. <\/p>\n<p><b>Inv\u00e4ndning mot behandling av personuppgifter<\/b><br \/>\nOm vi behandlar uppgifter om dig baserat p\u00e5 v\u00e5ra uppgifter eller p\u00e5 grundval av en intresseavv\u00e4gning, har du r\u00e4tt att inv\u00e4nda mot v\u00e5r behandling av uppgifter om dig.<br \/>\nDetta g\u00f6r du genom att hantera samtycken eller reservationer i v\u00e5ra l\u00f6sningar. <\/p>\n<p><b>Dataportabilitet<\/b> Du har r\u00e4tt att f\u00e5 dina personuppgifter i ett strukturerat, allm\u00e4nt anv\u00e4nt och maskinl\u00e4sbart format.<br \/>\nKontakta ovanst\u00e5ende e-postadress f\u00f6r att f\u00e5 dina personuppgifter. <\/p>\n<p><b>Du kan klaga p\u00e5 v\u00e5r behandling av personuppgifter<\/b> <\/p>\n<p>Vi hoppas att du informerar oss om du anser att vi inte f\u00f6ljer reglerna i personuppgiftslagen.<br \/>\nV\u00e4nligen meddela oss f\u00f6rst genom den kontakt eller kanal som du redan har etablerat med oss.<br \/>\nDu kan ocks\u00e5 klaga p\u00e5 v\u00e5r behandling av personuppgifter till Datainspektionen (IMY).<\/p>\n<p>Traryd den 1 februari 2024 <\/p>\n<p>Jenni Nilsson VD, J.Plymoth AB<\/p>\n","protected":false},"excerpt":{"rendered":"<p>J.Plymoth AB i Traryd \u00e4r personuppgiftsansvarig f\u00f6r den behandling av personuppgifter som beskrivs i denna integritetspolicy. I denna integritetspolicy f\u00f6rklarar vi vilka typer av personuppgifter vi lagrar och hur vi behandlar dem.Denna integritetspolicy g\u00e4ller f\u00f6r: https: \/\/plymoth.com\/. Observera att J. Plymoth AB endast s\u00e4ljer till f\u00f6retag och organisationer, aldrig till privatpersoner. Dataskyddsf\u00f6rordningen \u00e4r den svenska [&hellip;]<\/p>\n","protected":false},"author":3,"featured_media":0,"parent":0,"menu_order":0,"comment_status":"closed","ping_status":"closed","template":"","meta":{"footnotes":""},"class_list":["post-5950","page","type-page","status-publish","hentry"],"acf":[],"yoast_head":"<!-- This site is optimized with the Yoast SEO plugin v22.4 - https:\/\/yoast.com\/wordpress\/plugins\/seo\/ -->\n<title>Integritetspolicy - Plymoth<\/title>\n<meta name=\"robots\" content=\"index, follow, max-snippet:-1, max-image-preview:large, max-video-preview:-1\" \/>\n<link rel=\"canonical\" href=\"https:\/\/plymoth.com\/sv\/integritetspolicy\/\" \/>\n<meta property=\"og:locale\" content=\"sv_SE\" \/>\n<meta property=\"og:type\" content=\"article\" \/>\n<meta property=\"og:title\" content=\"Integritetspolicy - Plymoth\" \/>\n<meta property=\"og:description\" content=\"J.Plymoth AB i Traryd \u00e4r personuppgiftsansvarig f\u00f6r den behandling av personuppgifter som beskrivs i denna integritetspolicy. I denna integritetspolicy f\u00f6rklarar vi vilka typer av personuppgifter vi lagrar och hur vi behandlar dem.Denna integritetspolicy g\u00e4ller f\u00f6r: https: \/\/plymoth.com\/. Observera att J. Plymoth AB endast s\u00e4ljer till f\u00f6retag och organisationer, aldrig till privatpersoner. Dataskyddsf\u00f6rordningen \u00e4r den svenska [&hellip;]\" \/>\n<meta property=\"og:url\" content=\"https:\/\/plymoth.com\/sv\/integritetspolicy\/\" \/>\n<meta property=\"og:site_name\" content=\"Plymoth\" \/>\n<meta property=\"article:publisher\" content=\"https:\/\/www.facebook.com\/jplymoth\" \/>\n<meta property=\"article:modified_time\" content=\"2024-09-30T10:50:20+00:00\" \/>\n<meta name=\"twitter:card\" content=\"summary_large_image\" \/>\n<meta name=\"twitter:label1\" content=\"Ber\u00e4knad l\u00e4stid\" \/>\n\t<meta name=\"twitter:data1\" content=\"4 minuter\" \/>\n<script type=\"application\/ld+json\" class=\"yoast-schema-graph\">{\"@context\":\"https:\/\/schema.org\",\"@graph\":[{\"@type\":\"WebPage\",\"@id\":\"https:\/\/plymoth.com\/sv\/integritetspolicy\/\",\"url\":\"https:\/\/plymoth.com\/sv\/integritetspolicy\/\",\"name\":\"Integritetspolicy - Plymoth\",\"isPartOf\":{\"@id\":\"https:\/\/plymoth.com\/sv\/#website\"},\"datePublished\":\"2024-02-03T23:39:59+00:00\",\"dateModified\":\"2024-09-30T10:50:20+00:00\",\"breadcrumb\":{\"@id\":\"https:\/\/plymoth.com\/sv\/integritetspolicy\/#breadcrumb\"},\"inLanguage\":\"sv-SE\",\"potentialAction\":[{\"@type\":\"ReadAction\",\"target\":[\"https:\/\/plymoth.com\/sv\/integritetspolicy\/\"]}]},{\"@type\":\"BreadcrumbList\",\"@id\":\"https:\/\/plymoth.com\/sv\/integritetspolicy\/#breadcrumb\",\"itemListElement\":[{\"@type\":\"ListItem\",\"position\":1,\"name\":\"Home\",\"item\":\"https:\/\/plymoth.com\/sv\/\"},{\"@type\":\"ListItem\",\"position\":2,\"name\":\"Integritetspolicy\"}]},{\"@type\":\"WebSite\",\"@id\":\"https:\/\/plymoth.com\/sv\/#website\",\"url\":\"https:\/\/plymoth.com\/sv\/\",\"name\":\"Plymoth\",\"description\":\"Dust, Fume Extractors and Oil Mist Collectors\",\"publisher\":{\"@id\":\"https:\/\/plymoth.com\/sv\/#organization\"},\"potentialAction\":[{\"@type\":\"SearchAction\",\"target\":{\"@type\":\"EntryPoint\",\"urlTemplate\":\"https:\/\/plymoth.com\/sv\/?s={search_term_string}\"},\"query-input\":\"required name=search_term_string\"}],\"inLanguage\":\"sv-SE\"},{\"@type\":\"Organization\",\"@id\":\"https:\/\/plymoth.com\/sv\/#organization\",\"name\":\"Plymoth\",\"url\":\"https:\/\/plymoth.com\/sv\/\",\"logo\":{\"@type\":\"ImageObject\",\"inLanguage\":\"sv-SE\",\"@id\":\"https:\/\/plymoth.com\/sv\/#\/schema\/logo\/image\/\",\"url\":\"https:\/\/plymoth.com\/wp-content\/uploads\/2022\/09\/plymoth_original_CMYK.png\",\"contentUrl\":\"https:\/\/plymoth.com\/wp-content\/uploads\/2022\/09\/plymoth_original_CMYK.png\",\"width\":933,\"height\":195,\"caption\":\"Plymoth\"},\"image\":{\"@id\":\"https:\/\/plymoth.com\/sv\/#\/schema\/logo\/image\/\"},\"sameAs\":[\"https:\/\/www.facebook.com\/jplymoth\"]}]}<\/script>\n<!-- \/ Yoast SEO plugin. -->","yoast_head_json":{"title":"Integritetspolicy - Plymoth","robots":{"index":"index","follow":"follow","max-snippet":"max-snippet:-1","max-image-preview":"max-image-preview:large","max-video-preview":"max-video-preview:-1"},"canonical":"https:\/\/plymoth.com\/sv\/integritetspolicy\/","og_locale":"sv_SE","og_type":"article","og_title":"Integritetspolicy - Plymoth","og_description":"J.Plymoth AB i Traryd \u00e4r personuppgiftsansvarig f\u00f6r den behandling av personuppgifter som beskrivs i denna integritetspolicy. I denna integritetspolicy f\u00f6rklarar vi vilka typer av personuppgifter vi lagrar och hur vi behandlar dem.Denna integritetspolicy g\u00e4ller f\u00f6r: https: \/\/plymoth.com\/. Observera att J. Plymoth AB endast s\u00e4ljer till f\u00f6retag och organisationer, aldrig till privatpersoner. Dataskyddsf\u00f6rordningen \u00e4r den svenska [&hellip;]","og_url":"https:\/\/plymoth.com\/sv\/integritetspolicy\/","og_site_name":"Plymoth","article_publisher":"https:\/\/www.facebook.com\/jplymoth","article_modified_time":"2024-09-30T10:50:20+00:00","twitter_card":"summary_large_image","twitter_misc":{"Ber\u00e4knad l\u00e4stid":"4 minuter"},"schema":{"@context":"https:\/\/schema.org","@graph":[{"@type":"WebPage","@id":"https:\/\/plymoth.com\/sv\/integritetspolicy\/","url":"https:\/\/plymoth.com\/sv\/integritetspolicy\/","name":"Integritetspolicy - Plymoth","isPartOf":{"@id":"https:\/\/plymoth.com\/sv\/#website"},"datePublished":"2024-02-03T23:39:59+00:00","dateModified":"2024-09-30T10:50:20+00:00","breadcrumb":{"@id":"https:\/\/plymoth.com\/sv\/integritetspolicy\/#breadcrumb"},"inLanguage":"sv-SE","potentialAction":[{"@type":"ReadAction","target":["https:\/\/plymoth.com\/sv\/integritetspolicy\/"]}]},{"@type":"BreadcrumbList","@id":"https:\/\/plymoth.com\/sv\/integritetspolicy\/#breadcrumb","itemListElement":[{"@type":"ListItem","position":1,"name":"Home","item":"https:\/\/plymoth.com\/sv\/"},{"@type":"ListItem","position":2,"name":"Integritetspolicy"}]},{"@type":"WebSite","@id":"https:\/\/plymoth.com\/sv\/#website","url":"https:\/\/plymoth.com\/sv\/","name":"Plymoth","description":"Dust, Fume Extractors and Oil Mist Collectors","publisher":{"@id":"https:\/\/plymoth.com\/sv\/#organization"},"potentialAction":[{"@type":"SearchAction","target":{"@type":"EntryPoint","urlTemplate":"https:\/\/plymoth.com\/sv\/?s={search_term_string}"},"query-input":"required name=search_term_string"}],"inLanguage":"sv-SE"},{"@type":"Organization","@id":"https:\/\/plymoth.com\/sv\/#organization","name":"Plymoth","url":"https:\/\/plymoth.com\/sv\/","logo":{"@type":"ImageObject","inLanguage":"sv-SE","@id":"https:\/\/plymoth.com\/sv\/#\/schema\/logo\/image\/","url":"https:\/\/plymoth.com\/wp-content\/uploads\/2022\/09\/plymoth_original_CMYK.png","contentUrl":"https:\/\/plymoth.com\/wp-content\/uploads\/2022\/09\/plymoth_original_CMYK.png","width":933,"height":195,"caption":"Plymoth"},"image":{"@id":"https:\/\/plymoth.com\/sv\/#\/schema\/logo\/image\/"},"sameAs":["https:\/\/www.facebook.com\/jplymoth"]}]}},"_links":{"self":[{"href":"https:\/\/plymoth.com\/sv\/wp-json\/wp\/v2\/pages\/5950","targetHints":{"allow":["GET"]}}],"collection":[{"href":"https:\/\/plymoth.com\/sv\/wp-json\/wp\/v2\/pages"}],"about":[{"href":"https:\/\/plymoth.com\/sv\/wp-json\/wp\/v2\/types\/page"}],"author":[{"embeddable":true,"href":"https:\/\/plymoth.com\/sv\/wp-json\/wp\/v2\/users\/3"}],"replies":[{"embeddable":true,"href":"https:\/\/plymoth.com\/sv\/wp-json\/wp\/v2\/comments?post=5950"}],"version-history":[{"count":5,"href":"https:\/\/plymoth.com\/sv\/wp-json\/wp\/v2\/pages\/5950\/revisions"}],"predecessor-version":[{"id":6668,"href":"https:\/\/plymoth.com\/sv\/wp-json\/wp\/v2\/pages\/5950\/revisions\/6668"}],"wp:attachment":[{"href":"https:\/\/plymoth.com\/sv\/wp-json\/wp\/v2\/media?parent=5950"}],"curies":[{"name":"wp","href":"https:\/\/api.w.org\/{rel}","templated":true}]}}