{"id":5944,"date":"2016-10-04T12:16:48","date_gmt":"2016-10-04T10:16:48","guid":{"rendered":"https:\/\/plymoth.com\/om\/"},"modified":"2025-09-10T08:38:29","modified_gmt":"2025-09-10T06:38:29","slug":"om","status":"publish","type":"page","link":"https:\/\/plymoth.com\/sv\/om\/","title":{"rendered":"Om"},"content":{"rendered":"<p id=\"u1609-2\">J. Plymoth \u00e4r den svenska leverant\u00f6ren av milj\u00f6produkter och system f\u00f6r rening av luft.<br \/>\nI mer \u00e4n 40 \u00e5r har Plymoth utvecklat och f\u00f6rb\u00e4ttrat Air Care Technology genom att f\u00e5nga luftf\u00f6roreningarna vid k\u00e4llan, filtrera och \u00e5tervinna luften.<br \/>\nHuvudkontor, FoU och huvudtillverkning \u00e4r baserade i Sverige.<br \/>\nEn ny monteringsanl\u00e4ggning byggdes 2007 i Shanghai, Kina, f\u00f6r den kinesiska marknaden.<\/p>\n<p id=\"u1609-8\">Den h\u00f6ga milj\u00f6medvetenheten i Skandinavien i kombination med den starka lagstiftningen om arbetsplatser i Europa har varit drivkraften f\u00f6r utvecklingen av h\u00f6gkvalitativa produkter och h\u00f6geffektiva systeml\u00f6sningar.<\/p>\n<p id=\"u1609-11\">Idag \u00e4r det v\u00e4lk\u00e4nt att en god arbetsmilj\u00f6 inneb\u00e4r friskare personal, men ocks\u00e5 s\u00e4krare och b\u00e4ttre produktionskvalitet, b\u00e4ttre effektivitet och ekologi; ett f\u00f6retag med god arbetsmilj\u00f6 \u00e4r en attraktiv arbetsplats.<\/p>\n<p id=\"u1609-14\">Plymoths milj\u00f6l\u00f6sningar bidrar till l\u00e4gre energif\u00f6rbrukning i tillverkningsprocessen, minskade utsl\u00e4pp fr\u00e5n fabriken och d\u00e4rmed till en l\u00e4gre milj\u00f6p\u00e5verkan.<\/p>\n<p>&nbsp;<\/p>\n<h2>Fabrik<\/h2>\n<p><span class=\"s1\">Tillverkningsanl\u00e4ggningen \u00e4r \u00f6ver 9.000 kvadratmeter stor och utrustad med moderna och effektiva Trumpf lasersk\u00e4rmaskiner, Weinbrenner kantpressar, svetsavdelningar med manipulatorer, helautomatisk pulverlackeringsanl\u00e4ggning med robotteknik (900 m<\/span><span class=\"s2\">2<\/span><span class=\"s1\">) och v\u00e4lutrustade monteringsavdelningar.<br \/>\nPlymoths kompetenta personal skapar h\u00f6gkvalitativa produkter och precisionsteknik till konkurrenskraftiga priser. <\/span><\/p>\n<p><img loading=\"lazy\" decoding=\"async\" width=\"507\" height=\"217\" class=\"alignnone size-full wp-image-45\" src=\"http:\/\/plymoth.com\/wp-content\/uploads\/2016\/10\/plymoth-factory.png\" alt=\"plymoth-fabrik\" srcset=\"https:\/\/plymoth.com\/wp-content\/uploads\/2016\/10\/plymoth-factory.png 507w, https:\/\/plymoth.com\/wp-content\/uploads\/2016\/10\/plymoth-factory-300x128.png 300w\" sizes=\"auto, (max-width: 507px) 100vw, 507px\" \/><\/p>\n","protected":false},"excerpt":{"rendered":"<p>J. Plymoth \u00e4r den svenska leverant\u00f6ren av milj\u00f6produkter och system f\u00f6r rening av luft. I mer \u00e4n 40 \u00e5r har Plymoth utvecklat och f\u00f6rb\u00e4ttrat Air Care Technology genom att f\u00e5nga luftf\u00f6roreningarna vid k\u00e4llan, filtrera och \u00e5tervinna luften. Huvudkontor, FoU och huvudtillverkning \u00e4r baserade i Sverige. En ny monteringsanl\u00e4ggning byggdes 2007 i Shanghai, Kina, f\u00f6r den [&hellip;]<\/p>\n","protected":false},"author":3,"featured_media":0,"parent":0,"menu_order":0,"comment_status":"closed","ping_status":"closed","template":"","meta":{"footnotes":""},"class_list":["post-5944","page","type-page","status-publish","hentry"],"acf":[],"yoast_head":"<!-- This site is optimized with the Yoast SEO plugin v22.4 - https:\/\/yoast.com\/wordpress\/plugins\/seo\/ -->\n<title>Om - Plymoth<\/title>\n<meta name=\"robots\" content=\"index, follow, max-snippet:-1, max-image-preview:large, max-video-preview:-1\" \/>\n<link rel=\"canonical\" href=\"https:\/\/plymoth.com\/sv\/om\/\" \/>\n<meta property=\"og:locale\" content=\"sv_SE\" \/>\n<meta property=\"og:type\" content=\"article\" \/>\n<meta property=\"og:title\" content=\"Om - Plymoth\" \/>\n<meta property=\"og:description\" content=\"J. Plymoth \u00e4r den svenska leverant\u00f6ren av milj\u00f6produkter och system f\u00f6r rening av luft. I mer \u00e4n 40 \u00e5r har Plymoth utvecklat och f\u00f6rb\u00e4ttrat Air Care Technology genom att f\u00e5nga luftf\u00f6roreningarna vid k\u00e4llan, filtrera och \u00e5tervinna luften. Huvudkontor, FoU och huvudtillverkning \u00e4r baserade i Sverige. En ny monteringsanl\u00e4ggning byggdes 2007 i Shanghai, Kina, f\u00f6r den [&hellip;]\" \/>\n<meta property=\"og:url\" content=\"https:\/\/plymoth.com\/sv\/om\/\" \/>\n<meta property=\"og:site_name\" content=\"Plymoth\" \/>\n<meta property=\"article:publisher\" content=\"https:\/\/www.facebook.com\/jplymoth\" \/>\n<meta property=\"article:modified_time\" content=\"2025-09-10T06:38:29+00:00\" \/>\n<meta property=\"og:image\" content=\"http:\/\/plymoth.com\/wp-content\/uploads\/2016\/10\/plymoth-factory.png\" \/>\n<meta name=\"twitter:card\" content=\"summary_large_image\" \/>\n<meta name=\"twitter:label1\" content=\"Ber\u00e4knad l\u00e4stid\" \/>\n\t<meta name=\"twitter:data1\" content=\"1 minut\" \/>\n<script type=\"application\/ld+json\" class=\"yoast-schema-graph\">{\"@context\":\"https:\/\/schema.org\",\"@graph\":[{\"@type\":\"WebPage\",\"@id\":\"https:\/\/plymoth.com\/sv\/om\/\",\"url\":\"https:\/\/plymoth.com\/sv\/om\/\",\"name\":\"Om - Plymoth\",\"isPartOf\":{\"@id\":\"https:\/\/plymoth.com\/sv\/#website\"},\"primaryImageOfPage\":{\"@id\":\"https:\/\/plymoth.com\/sv\/om\/#primaryimage\"},\"image\":{\"@id\":\"https:\/\/plymoth.com\/sv\/om\/#primaryimage\"},\"thumbnailUrl\":\"http:\/\/plymoth.com\/wp-content\/uploads\/2016\/10\/plymoth-factory.png\",\"datePublished\":\"2016-10-04T10:16:48+00:00\",\"dateModified\":\"2025-09-10T06:38:29+00:00\",\"breadcrumb\":{\"@id\":\"https:\/\/plymoth.com\/sv\/om\/#breadcrumb\"},\"inLanguage\":\"sv-SE\",\"potentialAction\":[{\"@type\":\"ReadAction\",\"target\":[\"https:\/\/plymoth.com\/sv\/om\/\"]}]},{\"@type\":\"ImageObject\",\"inLanguage\":\"sv-SE\",\"@id\":\"https:\/\/plymoth.com\/sv\/om\/#primaryimage\",\"url\":\"http:\/\/plymoth.com\/wp-content\/uploads\/2016\/10\/plymoth-factory.png\",\"contentUrl\":\"http:\/\/plymoth.com\/wp-content\/uploads\/2016\/10\/plymoth-factory.png\"},{\"@type\":\"BreadcrumbList\",\"@id\":\"https:\/\/plymoth.com\/sv\/om\/#breadcrumb\",\"itemListElement\":[{\"@type\":\"ListItem\",\"position\":1,\"name\":\"Home\",\"item\":\"https:\/\/plymoth.com\/sv\/\"},{\"@type\":\"ListItem\",\"position\":2,\"name\":\"Om\"}]},{\"@type\":\"WebSite\",\"@id\":\"https:\/\/plymoth.com\/sv\/#website\",\"url\":\"https:\/\/plymoth.com\/sv\/\",\"name\":\"Plymoth\",\"description\":\"Dust, Fume Extractors and Oil Mist Collectors\",\"publisher\":{\"@id\":\"https:\/\/plymoth.com\/sv\/#organization\"},\"potentialAction\":[{\"@type\":\"SearchAction\",\"target\":{\"@type\":\"EntryPoint\",\"urlTemplate\":\"https:\/\/plymoth.com\/sv\/?s={search_term_string}\"},\"query-input\":\"required name=search_term_string\"}],\"inLanguage\":\"sv-SE\"},{\"@type\":\"Organization\",\"@id\":\"https:\/\/plymoth.com\/sv\/#organization\",\"name\":\"Plymoth\",\"url\":\"https:\/\/plymoth.com\/sv\/\",\"logo\":{\"@type\":\"ImageObject\",\"inLanguage\":\"sv-SE\",\"@id\":\"https:\/\/plymoth.com\/sv\/#\/schema\/logo\/image\/\",\"url\":\"https:\/\/plymoth.com\/wp-content\/uploads\/2022\/09\/plymoth_original_CMYK.png\",\"contentUrl\":\"https:\/\/plymoth.com\/wp-content\/uploads\/2022\/09\/plymoth_original_CMYK.png\",\"width\":933,\"height\":195,\"caption\":\"Plymoth\"},\"image\":{\"@id\":\"https:\/\/plymoth.com\/sv\/#\/schema\/logo\/image\/\"},\"sameAs\":[\"https:\/\/www.facebook.com\/jplymoth\"]}]}<\/script>\n<!-- \/ Yoast SEO plugin. -->","yoast_head_json":{"title":"Om - Plymoth","robots":{"index":"index","follow":"follow","max-snippet":"max-snippet:-1","max-image-preview":"max-image-preview:large","max-video-preview":"max-video-preview:-1"},"canonical":"https:\/\/plymoth.com\/sv\/om\/","og_locale":"sv_SE","og_type":"article","og_title":"Om - Plymoth","og_description":"J. Plymoth \u00e4r den svenska leverant\u00f6ren av milj\u00f6produkter och system f\u00f6r rening av luft. I mer \u00e4n 40 \u00e5r har Plymoth utvecklat och f\u00f6rb\u00e4ttrat Air Care Technology genom att f\u00e5nga luftf\u00f6roreningarna vid k\u00e4llan, filtrera och \u00e5tervinna luften. Huvudkontor, FoU och huvudtillverkning \u00e4r baserade i Sverige. En ny monteringsanl\u00e4ggning byggdes 2007 i Shanghai, Kina, f\u00f6r den [&hellip;]","og_url":"https:\/\/plymoth.com\/sv\/om\/","og_site_name":"Plymoth","article_publisher":"https:\/\/www.facebook.com\/jplymoth","article_modified_time":"2025-09-10T06:38:29+00:00","og_image":[{"url":"http:\/\/plymoth.com\/wp-content\/uploads\/2016\/10\/plymoth-factory.png"}],"twitter_card":"summary_large_image","twitter_misc":{"Ber\u00e4knad l\u00e4stid":"1 minut"},"schema":{"@context":"https:\/\/schema.org","@graph":[{"@type":"WebPage","@id":"https:\/\/plymoth.com\/sv\/om\/","url":"https:\/\/plymoth.com\/sv\/om\/","name":"Om - Plymoth","isPartOf":{"@id":"https:\/\/plymoth.com\/sv\/#website"},"primaryImageOfPage":{"@id":"https:\/\/plymoth.com\/sv\/om\/#primaryimage"},"image":{"@id":"https:\/\/plymoth.com\/sv\/om\/#primaryimage"},"thumbnailUrl":"http:\/\/plymoth.com\/wp-content\/uploads\/2016\/10\/plymoth-factory.png","datePublished":"2016-10-04T10:16:48+00:00","dateModified":"2025-09-10T06:38:29+00:00","breadcrumb":{"@id":"https:\/\/plymoth.com\/sv\/om\/#breadcrumb"},"inLanguage":"sv-SE","potentialAction":[{"@type":"ReadAction","target":["https:\/\/plymoth.com\/sv\/om\/"]}]},{"@type":"ImageObject","inLanguage":"sv-SE","@id":"https:\/\/plymoth.com\/sv\/om\/#primaryimage","url":"http:\/\/plymoth.com\/wp-content\/uploads\/2016\/10\/plymoth-factory.png","contentUrl":"http:\/\/plymoth.com\/wp-content\/uploads\/2016\/10\/plymoth-factory.png"},{"@type":"BreadcrumbList","@id":"https:\/\/plymoth.com\/sv\/om\/#breadcrumb","itemListElement":[{"@type":"ListItem","position":1,"name":"Home","item":"https:\/\/plymoth.com\/sv\/"},{"@type":"ListItem","position":2,"name":"Om"}]},{"@type":"WebSite","@id":"https:\/\/plymoth.com\/sv\/#website","url":"https:\/\/plymoth.com\/sv\/","name":"Plymoth","description":"Dust, Fume Extractors and Oil Mist Collectors","publisher":{"@id":"https:\/\/plymoth.com\/sv\/#organization"},"potentialAction":[{"@type":"SearchAction","target":{"@type":"EntryPoint","urlTemplate":"https:\/\/plymoth.com\/sv\/?s={search_term_string}"},"query-input":"required name=search_term_string"}],"inLanguage":"sv-SE"},{"@type":"Organization","@id":"https:\/\/plymoth.com\/sv\/#organization","name":"Plymoth","url":"https:\/\/plymoth.com\/sv\/","logo":{"@type":"ImageObject","inLanguage":"sv-SE","@id":"https:\/\/plymoth.com\/sv\/#\/schema\/logo\/image\/","url":"https:\/\/plymoth.com\/wp-content\/uploads\/2022\/09\/plymoth_original_CMYK.png","contentUrl":"https:\/\/plymoth.com\/wp-content\/uploads\/2022\/09\/plymoth_original_CMYK.png","width":933,"height":195,"caption":"Plymoth"},"image":{"@id":"https:\/\/plymoth.com\/sv\/#\/schema\/logo\/image\/"},"sameAs":["https:\/\/www.facebook.com\/jplymoth"]}]}},"_links":{"self":[{"href":"https:\/\/plymoth.com\/sv\/wp-json\/wp\/v2\/pages\/5944","targetHints":{"allow":["GET"]}}],"collection":[{"href":"https:\/\/plymoth.com\/sv\/wp-json\/wp\/v2\/pages"}],"about":[{"href":"https:\/\/plymoth.com\/sv\/wp-json\/wp\/v2\/types\/page"}],"author":[{"embeddable":true,"href":"https:\/\/plymoth.com\/sv\/wp-json\/wp\/v2\/users\/3"}],"replies":[{"embeddable":true,"href":"https:\/\/plymoth.com\/sv\/wp-json\/wp\/v2\/comments?post=5944"}],"version-history":[{"count":3,"href":"https:\/\/plymoth.com\/sv\/wp-json\/wp\/v2\/pages\/5944\/revisions"}],"predecessor-version":[{"id":7342,"href":"https:\/\/plymoth.com\/sv\/wp-json\/wp\/v2\/pages\/5944\/revisions\/7342"}],"wp:attachment":[{"href":"https:\/\/plymoth.com\/sv\/wp-json\/wp\/v2\/media?parent=5944"}],"curies":[{"name":"wp","href":"https:\/\/api.w.org\/{rel}","templated":true}]}}