{"id":5913,"date":"2016-10-04T12:17:18","date_gmt":"2016-10-04T10:17:18","guid":{"rendered":"https:\/\/plymoth.com\/distributorer\/"},"modified":"2024-10-18T16:35:58","modified_gmt":"2024-10-18T14:35:58","slug":"distributorer","status":"publish","type":"page","link":"https:\/\/plymoth.com\/sv\/distributorer\/","title":{"rendered":"Distribut\u00f6rer"},"content":{"rendered":"<header class=\"entry-header\">\n<h1 class=\"entry-title\">Vi s\u00f6ker erfarna distribut\u00f6rer<\/h1>\n<\/header>\n<div class=\"entry-content\">\n<div id=\"distributors-right\">Vi s\u00f6ker distribut\u00f6rer \u00f6ver hela v\u00e4rlden som har erfarenhet inom n\u00e5got av f\u00f6ljande marknadsomr\u00e5den:<\/div>\n<p>&#8211; Svetsr\u00f6kutsugning<br \/>\n&#8211; Utsug f\u00f6r kylv\u00e4tskedimma<br \/>\n&#8211; Utsugsarmar f\u00f6r kemi-, l\u00e4kemedels- och livsmedelsindustrin<br \/>\n&#8211; Utsugsutrustning f\u00f6r avgaser <\/p>\n<p><a href=\"\/contact\/\"><strong>V\u00e4nligen skicka ett e-postmeddelande<\/strong><\/a> f\u00f6r att kontakta oss utan f\u00f6rpliktelser.<br \/>\nVi kan erbjuda konkurrenskraftiga priser eftersom vi tillverkar allt i v\u00e5r egen fabrik i Traryd, Sverige.<\/p>\n<p>Vi ser fram emot att h\u00f6ra fr\u00e5n dig!<\/p>\n<p><img loading=\"lazy\" decoding=\"async\" width=\"400\" height=\"137\" class=\"alignnone size-medium wp-image-39\" src=\"http:\/\/plymoth.com\/wp-content\/uploads\/2016\/10\/jan.jpg\" alt=\"jan\" srcset=\"https:\/\/plymoth.com\/wp-content\/uploads\/2016\/10\/jan.jpg 400w, https:\/\/plymoth.com\/wp-content\/uploads\/2016\/10\/jan-300x103.jpg 300w\" sizes=\"auto, (max-width: 400px) 100vw, 400px\" \/><\/p>\n<p>Med v\u00e4nlig h\u00e4lsning<br \/>\nJan Plymoth \/ J. Plymoth AB<\/p>\n<\/div>\n","protected":false},"excerpt":{"rendered":"<p>Vi s\u00f6ker erfarna distribut\u00f6rer Vi s\u00f6ker distribut\u00f6rer \u00f6ver hela v\u00e4rlden som har erfarenhet inom n\u00e5got av f\u00f6ljande marknadsomr\u00e5den: &#8211; Svetsr\u00f6kutsugning &#8211; Utsug f\u00f6r kylv\u00e4tskedimma &#8211; Utsugsarmar f\u00f6r kemi-, l\u00e4kemedels- och livsmedelsindustrin &#8211; Utsugsutrustning f\u00f6r avgaser V\u00e4nligen skicka ett e-postmeddelande f\u00f6r att kontakta oss utan f\u00f6rpliktelser. Vi kan erbjuda konkurrenskraftiga priser eftersom vi tillverkar allt i [&hellip;]<\/p>\n","protected":false},"author":3,"featured_media":0,"parent":0,"menu_order":0,"comment_status":"closed","ping_status":"closed","template":"","meta":{"footnotes":""},"class_list":["post-5913","page","type-page","status-publish","hentry"],"acf":[],"yoast_head":"<!-- This site is optimized with the Yoast SEO plugin v22.4 - https:\/\/yoast.com\/wordpress\/plugins\/seo\/ -->\n<title>Distribut\u00f6rer - Plymoth<\/title>\n<meta name=\"robots\" content=\"index, follow, max-snippet:-1, max-image-preview:large, max-video-preview:-1\" \/>\n<link rel=\"canonical\" href=\"https:\/\/plymoth.com\/sv\/distributorer\/\" \/>\n<meta property=\"og:locale\" content=\"sv_SE\" \/>\n<meta property=\"og:type\" content=\"article\" \/>\n<meta property=\"og:title\" content=\"Distribut\u00f6rer - Plymoth\" \/>\n<meta property=\"og:description\" content=\"Vi s\u00f6ker erfarna distribut\u00f6rer Vi s\u00f6ker distribut\u00f6rer \u00f6ver hela v\u00e4rlden som har erfarenhet inom n\u00e5got av f\u00f6ljande marknadsomr\u00e5den: &#8211; Svetsr\u00f6kutsugning &#8211; Utsug f\u00f6r kylv\u00e4tskedimma &#8211; Utsugsarmar f\u00f6r kemi-, l\u00e4kemedels- och livsmedelsindustrin &#8211; Utsugsutrustning f\u00f6r avgaser V\u00e4nligen skicka ett e-postmeddelande f\u00f6r att kontakta oss utan f\u00f6rpliktelser. Vi kan erbjuda konkurrenskraftiga priser eftersom vi tillverkar allt i [&hellip;]\" \/>\n<meta property=\"og:url\" content=\"https:\/\/plymoth.com\/sv\/distributorer\/\" \/>\n<meta property=\"og:site_name\" content=\"Plymoth\" \/>\n<meta property=\"article:publisher\" content=\"https:\/\/www.facebook.com\/jplymoth\" \/>\n<meta property=\"article:modified_time\" content=\"2024-10-18T14:35:58+00:00\" \/>\n<meta property=\"og:image\" content=\"http:\/\/plymoth.com\/wp-content\/uploads\/2016\/10\/jan.jpg\" \/>\n<meta name=\"twitter:card\" content=\"summary_large_image\" \/>\n<meta name=\"twitter:label1\" content=\"Ber\u00e4knad l\u00e4stid\" \/>\n\t<meta name=\"twitter:data1\" content=\"1 minut\" \/>\n<script type=\"application\/ld+json\" class=\"yoast-schema-graph\">{\"@context\":\"https:\/\/schema.org\",\"@graph\":[{\"@type\":\"WebPage\",\"@id\":\"https:\/\/plymoth.com\/sv\/distributorer\/\",\"url\":\"https:\/\/plymoth.com\/sv\/distributorer\/\",\"name\":\"Distribut\u00f6rer - Plymoth\",\"isPartOf\":{\"@id\":\"https:\/\/plymoth.com\/sv\/#website\"},\"primaryImageOfPage\":{\"@id\":\"https:\/\/plymoth.com\/sv\/distributorer\/#primaryimage\"},\"image\":{\"@id\":\"https:\/\/plymoth.com\/sv\/distributorer\/#primaryimage\"},\"thumbnailUrl\":\"http:\/\/plymoth.com\/wp-content\/uploads\/2016\/10\/jan.jpg\",\"datePublished\":\"2016-10-04T10:17:18+00:00\",\"dateModified\":\"2024-10-18T14:35:58+00:00\",\"breadcrumb\":{\"@id\":\"https:\/\/plymoth.com\/sv\/distributorer\/#breadcrumb\"},\"inLanguage\":\"sv-SE\",\"potentialAction\":[{\"@type\":\"ReadAction\",\"target\":[\"https:\/\/plymoth.com\/sv\/distributorer\/\"]}]},{\"@type\":\"ImageObject\",\"inLanguage\":\"sv-SE\",\"@id\":\"https:\/\/plymoth.com\/sv\/distributorer\/#primaryimage\",\"url\":\"http:\/\/plymoth.com\/wp-content\/uploads\/2016\/10\/jan.jpg\",\"contentUrl\":\"http:\/\/plymoth.com\/wp-content\/uploads\/2016\/10\/jan.jpg\"},{\"@type\":\"BreadcrumbList\",\"@id\":\"https:\/\/plymoth.com\/sv\/distributorer\/#breadcrumb\",\"itemListElement\":[{\"@type\":\"ListItem\",\"position\":1,\"name\":\"Home\",\"item\":\"https:\/\/plymoth.com\/sv\/\"},{\"@type\":\"ListItem\",\"position\":2,\"name\":\"Distribut\u00f6rer\"}]},{\"@type\":\"WebSite\",\"@id\":\"https:\/\/plymoth.com\/sv\/#website\",\"url\":\"https:\/\/plymoth.com\/sv\/\",\"name\":\"Plymoth\",\"description\":\"Dust, Fume Extractors and Oil Mist Collectors\",\"publisher\":{\"@id\":\"https:\/\/plymoth.com\/sv\/#organization\"},\"potentialAction\":[{\"@type\":\"SearchAction\",\"target\":{\"@type\":\"EntryPoint\",\"urlTemplate\":\"https:\/\/plymoth.com\/sv\/?s={search_term_string}\"},\"query-input\":\"required name=search_term_string\"}],\"inLanguage\":\"sv-SE\"},{\"@type\":\"Organization\",\"@id\":\"https:\/\/plymoth.com\/sv\/#organization\",\"name\":\"Plymoth\",\"url\":\"https:\/\/plymoth.com\/sv\/\",\"logo\":{\"@type\":\"ImageObject\",\"inLanguage\":\"sv-SE\",\"@id\":\"https:\/\/plymoth.com\/sv\/#\/schema\/logo\/image\/\",\"url\":\"https:\/\/plymoth.com\/wp-content\/uploads\/2022\/09\/plymoth_original_CMYK.png\",\"contentUrl\":\"https:\/\/plymoth.com\/wp-content\/uploads\/2022\/09\/plymoth_original_CMYK.png\",\"width\":933,\"height\":195,\"caption\":\"Plymoth\"},\"image\":{\"@id\":\"https:\/\/plymoth.com\/sv\/#\/schema\/logo\/image\/\"},\"sameAs\":[\"https:\/\/www.facebook.com\/jplymoth\"]}]}<\/script>\n<!-- \/ Yoast SEO plugin. -->","yoast_head_json":{"title":"Distribut\u00f6rer - Plymoth","robots":{"index":"index","follow":"follow","max-snippet":"max-snippet:-1","max-image-preview":"max-image-preview:large","max-video-preview":"max-video-preview:-1"},"canonical":"https:\/\/plymoth.com\/sv\/distributorer\/","og_locale":"sv_SE","og_type":"article","og_title":"Distribut\u00f6rer - Plymoth","og_description":"Vi s\u00f6ker erfarna distribut\u00f6rer Vi s\u00f6ker distribut\u00f6rer \u00f6ver hela v\u00e4rlden som har erfarenhet inom n\u00e5got av f\u00f6ljande marknadsomr\u00e5den: &#8211; Svetsr\u00f6kutsugning &#8211; Utsug f\u00f6r kylv\u00e4tskedimma &#8211; Utsugsarmar f\u00f6r kemi-, l\u00e4kemedels- och livsmedelsindustrin &#8211; Utsugsutrustning f\u00f6r avgaser V\u00e4nligen skicka ett e-postmeddelande f\u00f6r att kontakta oss utan f\u00f6rpliktelser. Vi kan erbjuda konkurrenskraftiga priser eftersom vi tillverkar allt i [&hellip;]","og_url":"https:\/\/plymoth.com\/sv\/distributorer\/","og_site_name":"Plymoth","article_publisher":"https:\/\/www.facebook.com\/jplymoth","article_modified_time":"2024-10-18T14:35:58+00:00","og_image":[{"url":"http:\/\/plymoth.com\/wp-content\/uploads\/2016\/10\/jan.jpg"}],"twitter_card":"summary_large_image","twitter_misc":{"Ber\u00e4knad l\u00e4stid":"1 minut"},"schema":{"@context":"https:\/\/schema.org","@graph":[{"@type":"WebPage","@id":"https:\/\/plymoth.com\/sv\/distributorer\/","url":"https:\/\/plymoth.com\/sv\/distributorer\/","name":"Distribut\u00f6rer - Plymoth","isPartOf":{"@id":"https:\/\/plymoth.com\/sv\/#website"},"primaryImageOfPage":{"@id":"https:\/\/plymoth.com\/sv\/distributorer\/#primaryimage"},"image":{"@id":"https:\/\/plymoth.com\/sv\/distributorer\/#primaryimage"},"thumbnailUrl":"http:\/\/plymoth.com\/wp-content\/uploads\/2016\/10\/jan.jpg","datePublished":"2016-10-04T10:17:18+00:00","dateModified":"2024-10-18T14:35:58+00:00","breadcrumb":{"@id":"https:\/\/plymoth.com\/sv\/distributorer\/#breadcrumb"},"inLanguage":"sv-SE","potentialAction":[{"@type":"ReadAction","target":["https:\/\/plymoth.com\/sv\/distributorer\/"]}]},{"@type":"ImageObject","inLanguage":"sv-SE","@id":"https:\/\/plymoth.com\/sv\/distributorer\/#primaryimage","url":"http:\/\/plymoth.com\/wp-content\/uploads\/2016\/10\/jan.jpg","contentUrl":"http:\/\/plymoth.com\/wp-content\/uploads\/2016\/10\/jan.jpg"},{"@type":"BreadcrumbList","@id":"https:\/\/plymoth.com\/sv\/distributorer\/#breadcrumb","itemListElement":[{"@type":"ListItem","position":1,"name":"Home","item":"https:\/\/plymoth.com\/sv\/"},{"@type":"ListItem","position":2,"name":"Distribut\u00f6rer"}]},{"@type":"WebSite","@id":"https:\/\/plymoth.com\/sv\/#website","url":"https:\/\/plymoth.com\/sv\/","name":"Plymoth","description":"Dust, Fume Extractors and Oil Mist Collectors","publisher":{"@id":"https:\/\/plymoth.com\/sv\/#organization"},"potentialAction":[{"@type":"SearchAction","target":{"@type":"EntryPoint","urlTemplate":"https:\/\/plymoth.com\/sv\/?s={search_term_string}"},"query-input":"required name=search_term_string"}],"inLanguage":"sv-SE"},{"@type":"Organization","@id":"https:\/\/plymoth.com\/sv\/#organization","name":"Plymoth","url":"https:\/\/plymoth.com\/sv\/","logo":{"@type":"ImageObject","inLanguage":"sv-SE","@id":"https:\/\/plymoth.com\/sv\/#\/schema\/logo\/image\/","url":"https:\/\/plymoth.com\/wp-content\/uploads\/2022\/09\/plymoth_original_CMYK.png","contentUrl":"https:\/\/plymoth.com\/wp-content\/uploads\/2022\/09\/plymoth_original_CMYK.png","width":933,"height":195,"caption":"Plymoth"},"image":{"@id":"https:\/\/plymoth.com\/sv\/#\/schema\/logo\/image\/"},"sameAs":["https:\/\/www.facebook.com\/jplymoth"]}]}},"_links":{"self":[{"href":"https:\/\/plymoth.com\/sv\/wp-json\/wp\/v2\/pages\/5913","targetHints":{"allow":["GET"]}}],"collection":[{"href":"https:\/\/plymoth.com\/sv\/wp-json\/wp\/v2\/pages"}],"about":[{"href":"https:\/\/plymoth.com\/sv\/wp-json\/wp\/v2\/types\/page"}],"author":[{"embeddable":true,"href":"https:\/\/plymoth.com\/sv\/wp-json\/wp\/v2\/users\/3"}],"replies":[{"embeddable":true,"href":"https:\/\/plymoth.com\/sv\/wp-json\/wp\/v2\/comments?post=5913"}],"version-history":[{"count":13,"href":"https:\/\/plymoth.com\/sv\/wp-json\/wp\/v2\/pages\/5913\/revisions"}],"predecessor-version":[{"id":6991,"href":"https:\/\/plymoth.com\/sv\/wp-json\/wp\/v2\/pages\/5913\/revisions\/6991"}],"wp:attachment":[{"href":"https:\/\/plymoth.com\/sv\/wp-json\/wp\/v2\/media?parent=5913"}],"curies":[{"name":"wp","href":"https:\/\/api.w.org\/{rel}","templated":true}]}}