{"id":5113,"date":"2016-10-04T12:16:48","date_gmt":"2016-10-04T10:16:48","guid":{"rendered":"https:\/\/plymoth.com\/informazioni-su\/"},"modified":"2025-09-10T08:39:55","modified_gmt":"2025-09-10T06:39:55","slug":"informazioni-su","status":"publish","type":"page","link":"https:\/\/plymoth.com\/it\/informazioni-su\/","title":{"rendered":"Informazioni su"},"content":{"rendered":"<p id=\"u1609-2\">J. Plymoth \u00e8 un fornitore svedese di prodotti e sistemi ambientali per la pulizia dell&#8217;aria.<br \/>\nDa oltre 40 anni Plymoth sviluppa e migliora la tecnologia Air Care catturando gli inquinanti alla fonte, filtrando e riciclando l&#8217;aria.<br \/>\nLa sede centrale, la ricerca e lo sviluppo e la produzione principale hanno sede in Svezia.<br \/>\nNel 2007 \u00e8 stato costruito un nuovo stabilimento di assemblaggio a Shanghai, in Cina, per il mercato cinese.<\/p>\n<p id=\"u1609-8\">L&#8217;elevata consapevolezza ambientale in Scandinavia, unita alla forte legislazione europea in materia di spazi di lavoro, \u00e8 stata la forza trainante per lo sviluppo di prodotti di alta qualit\u00e0 e di soluzioni di sistema ad alta efficienza.<\/p>\n<p id=\"u1609-11\">Oggi \u00e8 risaputo che un buon ambiente di lavoro significa personale pi\u00f9 sano, ma anche pi\u00f9 sicuro e migliore qualit\u00e0 della produzione, maggiore efficienza ed ecologia; un&#8217;azienda con un buon ambiente di lavoro \u00e8 un luogo di lavoro attraente.<\/p>\n<p id=\"u1609-14\">Le soluzioni ambientali di Plymoth contribuiscono a ridurre il consumo di energia nel processo di produzione, a ridurre le emissioni dello stabilimento e, di conseguenza, a ridurre l&#8217;impatto ambientale.<\/p>\n<p>&nbsp;<\/p>\n<h2>Fabbrica<\/h2>\n<p><span class=\"s1\">L&#8217;impianto di produzione \u00e8 di oltre 9.000 metri quadrati ed \u00e8 dotato di moderne ed efficienti macchine per il taglio laser Trumpf, presse piegatrici Weinbrenner, reparti di saldatura con manipolatori, impianto di verniciatura a polvere completamente automatico con robotica (900 m<\/span><span class=\"s2\">2<\/span><span class=\"s1\">) e reparti di montaggio ben attrezzati.<br \/>\nLa manodopera qualificata di Plymoth crea prodotti di alta qualit\u00e0 e ingegneria di precisione a prezzi competitivi. <\/span><\/p>\n<p><img loading=\"lazy\" decoding=\"async\" width=\"507\" height=\"217\" class=\"alignnone size-full wp-image-45\" src=\"http:\/\/plymoth.com\/wp-content\/uploads\/2016\/10\/plymoth-factory.png\" alt=\"fabbrica di plymoth\" srcset=\"https:\/\/plymoth.com\/wp-content\/uploads\/2016\/10\/plymoth-factory.png 507w, https:\/\/plymoth.com\/wp-content\/uploads\/2016\/10\/plymoth-factory-300x128.png 300w\" sizes=\"auto, (max-width: 507px) 100vw, 507px\" \/><\/p>\n","protected":false},"excerpt":{"rendered":"<p>J. Plymoth \u00e8 un fornitore svedese di prodotti e sistemi ambientali per la pulizia dell&#8217;aria. Da oltre 40 anni Plymoth sviluppa e migliora la tecnologia Air Care catturando gli inquinanti alla fonte, filtrando e riciclando l&#8217;aria. La sede centrale, la ricerca e lo sviluppo e la produzione principale hanno sede in Svezia. Nel 2007 \u00e8 [&hellip;]<\/p>\n","protected":false},"author":3,"featured_media":0,"parent":0,"menu_order":0,"comment_status":"closed","ping_status":"closed","template":"","meta":{"footnotes":""},"class_list":["post-5113","page","type-page","status-publish","hentry"],"acf":[],"yoast_head":"<!-- This site is optimized with the Yoast SEO plugin v22.4 - https:\/\/yoast.com\/wordpress\/plugins\/seo\/ -->\n<title>Informazioni su - Plymoth<\/title>\n<meta name=\"robots\" content=\"index, follow, max-snippet:-1, max-image-preview:large, max-video-preview:-1\" \/>\n<link rel=\"canonical\" href=\"https:\/\/plymoth.com\/it\/informazioni-su\/\" \/>\n<meta property=\"og:locale\" content=\"it_IT\" \/>\n<meta property=\"og:type\" content=\"article\" \/>\n<meta property=\"og:title\" content=\"Informazioni su - Plymoth\" \/>\n<meta property=\"og:description\" content=\"J. Plymoth \u00e8 un fornitore svedese di prodotti e sistemi ambientali per la pulizia dell&#8217;aria. Da oltre 40 anni Plymoth sviluppa e migliora la tecnologia Air Care catturando gli inquinanti alla fonte, filtrando e riciclando l&#8217;aria. La sede centrale, la ricerca e lo sviluppo e la produzione principale hanno sede in Svezia. Nel 2007 \u00e8 [&hellip;]\" \/>\n<meta property=\"og:url\" content=\"https:\/\/plymoth.com\/it\/informazioni-su\/\" \/>\n<meta property=\"og:site_name\" content=\"Plymoth\" \/>\n<meta property=\"article:publisher\" content=\"https:\/\/www.facebook.com\/jplymoth\" \/>\n<meta property=\"article:modified_time\" content=\"2025-09-10T06:39:55+00:00\" \/>\n<meta property=\"og:image\" content=\"http:\/\/plymoth.com\/wp-content\/uploads\/2016\/10\/plymoth-factory.png\" \/>\n<meta name=\"twitter:card\" content=\"summary_large_image\" \/>\n<meta name=\"twitter:label1\" content=\"Tempo di lettura stimato\" \/>\n\t<meta name=\"twitter:data1\" content=\"2 minuti\" \/>\n<script type=\"application\/ld+json\" class=\"yoast-schema-graph\">{\"@context\":\"https:\/\/schema.org\",\"@graph\":[{\"@type\":\"WebPage\",\"@id\":\"https:\/\/plymoth.com\/it\/informazioni-su\/\",\"url\":\"https:\/\/plymoth.com\/it\/informazioni-su\/\",\"name\":\"Informazioni su - Plymoth\",\"isPartOf\":{\"@id\":\"https:\/\/plymoth.com\/it\/#website\"},\"primaryImageOfPage\":{\"@id\":\"https:\/\/plymoth.com\/it\/informazioni-su\/#primaryimage\"},\"image\":{\"@id\":\"https:\/\/plymoth.com\/it\/informazioni-su\/#primaryimage\"},\"thumbnailUrl\":\"http:\/\/plymoth.com\/wp-content\/uploads\/2016\/10\/plymoth-factory.png\",\"datePublished\":\"2016-10-04T10:16:48+00:00\",\"dateModified\":\"2025-09-10T06:39:55+00:00\",\"breadcrumb\":{\"@id\":\"https:\/\/plymoth.com\/it\/informazioni-su\/#breadcrumb\"},\"inLanguage\":\"it-IT\",\"potentialAction\":[{\"@type\":\"ReadAction\",\"target\":[\"https:\/\/plymoth.com\/it\/informazioni-su\/\"]}]},{\"@type\":\"ImageObject\",\"inLanguage\":\"it-IT\",\"@id\":\"https:\/\/plymoth.com\/it\/informazioni-su\/#primaryimage\",\"url\":\"http:\/\/plymoth.com\/wp-content\/uploads\/2016\/10\/plymoth-factory.png\",\"contentUrl\":\"http:\/\/plymoth.com\/wp-content\/uploads\/2016\/10\/plymoth-factory.png\"},{\"@type\":\"BreadcrumbList\",\"@id\":\"https:\/\/plymoth.com\/it\/informazioni-su\/#breadcrumb\",\"itemListElement\":[{\"@type\":\"ListItem\",\"position\":1,\"name\":\"Home\",\"item\":\"https:\/\/plymoth.com\/it\/\"},{\"@type\":\"ListItem\",\"position\":2,\"name\":\"Informazioni su\"}]},{\"@type\":\"WebSite\",\"@id\":\"https:\/\/plymoth.com\/it\/#website\",\"url\":\"https:\/\/plymoth.com\/it\/\",\"name\":\"Plymoth\",\"description\":\"Dust, Fume Extractors and Oil Mist Collectors\",\"publisher\":{\"@id\":\"https:\/\/plymoth.com\/it\/#organization\"},\"potentialAction\":[{\"@type\":\"SearchAction\",\"target\":{\"@type\":\"EntryPoint\",\"urlTemplate\":\"https:\/\/plymoth.com\/it\/?s={search_term_string}\"},\"query-input\":\"required name=search_term_string\"}],\"inLanguage\":\"it-IT\"},{\"@type\":\"Organization\",\"@id\":\"https:\/\/plymoth.com\/it\/#organization\",\"name\":\"Plymoth\",\"url\":\"https:\/\/plymoth.com\/it\/\",\"logo\":{\"@type\":\"ImageObject\",\"inLanguage\":\"it-IT\",\"@id\":\"https:\/\/plymoth.com\/it\/#\/schema\/logo\/image\/\",\"url\":\"https:\/\/plymoth.com\/wp-content\/uploads\/2022\/09\/plymoth_original_CMYK.png\",\"contentUrl\":\"https:\/\/plymoth.com\/wp-content\/uploads\/2022\/09\/plymoth_original_CMYK.png\",\"width\":933,\"height\":195,\"caption\":\"Plymoth\"},\"image\":{\"@id\":\"https:\/\/plymoth.com\/it\/#\/schema\/logo\/image\/\"},\"sameAs\":[\"https:\/\/www.facebook.com\/jplymoth\"]}]}<\/script>\n<!-- \/ Yoast SEO plugin. -->","yoast_head_json":{"title":"Informazioni su - Plymoth","robots":{"index":"index","follow":"follow","max-snippet":"max-snippet:-1","max-image-preview":"max-image-preview:large","max-video-preview":"max-video-preview:-1"},"canonical":"https:\/\/plymoth.com\/it\/informazioni-su\/","og_locale":"it_IT","og_type":"article","og_title":"Informazioni su - Plymoth","og_description":"J. Plymoth \u00e8 un fornitore svedese di prodotti e sistemi ambientali per la pulizia dell&#8217;aria. Da oltre 40 anni Plymoth sviluppa e migliora la tecnologia Air Care catturando gli inquinanti alla fonte, filtrando e riciclando l&#8217;aria. La sede centrale, la ricerca e lo sviluppo e la produzione principale hanno sede in Svezia. Nel 2007 \u00e8 [&hellip;]","og_url":"https:\/\/plymoth.com\/it\/informazioni-su\/","og_site_name":"Plymoth","article_publisher":"https:\/\/www.facebook.com\/jplymoth","article_modified_time":"2025-09-10T06:39:55+00:00","og_image":[{"url":"http:\/\/plymoth.com\/wp-content\/uploads\/2016\/10\/plymoth-factory.png"}],"twitter_card":"summary_large_image","twitter_misc":{"Tempo di lettura stimato":"2 minuti"},"schema":{"@context":"https:\/\/schema.org","@graph":[{"@type":"WebPage","@id":"https:\/\/plymoth.com\/it\/informazioni-su\/","url":"https:\/\/plymoth.com\/it\/informazioni-su\/","name":"Informazioni su - Plymoth","isPartOf":{"@id":"https:\/\/plymoth.com\/it\/#website"},"primaryImageOfPage":{"@id":"https:\/\/plymoth.com\/it\/informazioni-su\/#primaryimage"},"image":{"@id":"https:\/\/plymoth.com\/it\/informazioni-su\/#primaryimage"},"thumbnailUrl":"http:\/\/plymoth.com\/wp-content\/uploads\/2016\/10\/plymoth-factory.png","datePublished":"2016-10-04T10:16:48+00:00","dateModified":"2025-09-10T06:39:55+00:00","breadcrumb":{"@id":"https:\/\/plymoth.com\/it\/informazioni-su\/#breadcrumb"},"inLanguage":"it-IT","potentialAction":[{"@type":"ReadAction","target":["https:\/\/plymoth.com\/it\/informazioni-su\/"]}]},{"@type":"ImageObject","inLanguage":"it-IT","@id":"https:\/\/plymoth.com\/it\/informazioni-su\/#primaryimage","url":"http:\/\/plymoth.com\/wp-content\/uploads\/2016\/10\/plymoth-factory.png","contentUrl":"http:\/\/plymoth.com\/wp-content\/uploads\/2016\/10\/plymoth-factory.png"},{"@type":"BreadcrumbList","@id":"https:\/\/plymoth.com\/it\/informazioni-su\/#breadcrumb","itemListElement":[{"@type":"ListItem","position":1,"name":"Home","item":"https:\/\/plymoth.com\/it\/"},{"@type":"ListItem","position":2,"name":"Informazioni su"}]},{"@type":"WebSite","@id":"https:\/\/plymoth.com\/it\/#website","url":"https:\/\/plymoth.com\/it\/","name":"Plymoth","description":"Dust, Fume Extractors and Oil Mist Collectors","publisher":{"@id":"https:\/\/plymoth.com\/it\/#organization"},"potentialAction":[{"@type":"SearchAction","target":{"@type":"EntryPoint","urlTemplate":"https:\/\/plymoth.com\/it\/?s={search_term_string}"},"query-input":"required name=search_term_string"}],"inLanguage":"it-IT"},{"@type":"Organization","@id":"https:\/\/plymoth.com\/it\/#organization","name":"Plymoth","url":"https:\/\/plymoth.com\/it\/","logo":{"@type":"ImageObject","inLanguage":"it-IT","@id":"https:\/\/plymoth.com\/it\/#\/schema\/logo\/image\/","url":"https:\/\/plymoth.com\/wp-content\/uploads\/2022\/09\/plymoth_original_CMYK.png","contentUrl":"https:\/\/plymoth.com\/wp-content\/uploads\/2022\/09\/plymoth_original_CMYK.png","width":933,"height":195,"caption":"Plymoth"},"image":{"@id":"https:\/\/plymoth.com\/it\/#\/schema\/logo\/image\/"},"sameAs":["https:\/\/www.facebook.com\/jplymoth"]}]}},"_links":{"self":[{"href":"https:\/\/plymoth.com\/it\/wp-json\/wp\/v2\/pages\/5113","targetHints":{"allow":["GET"]}}],"collection":[{"href":"https:\/\/plymoth.com\/it\/wp-json\/wp\/v2\/pages"}],"about":[{"href":"https:\/\/plymoth.com\/it\/wp-json\/wp\/v2\/types\/page"}],"author":[{"embeddable":true,"href":"https:\/\/plymoth.com\/it\/wp-json\/wp\/v2\/users\/3"}],"replies":[{"embeddable":true,"href":"https:\/\/plymoth.com\/it\/wp-json\/wp\/v2\/comments?post=5113"}],"version-history":[{"count":4,"href":"https:\/\/plymoth.com\/it\/wp-json\/wp\/v2\/pages\/5113\/revisions"}],"predecessor-version":[{"id":7343,"href":"https:\/\/plymoth.com\/it\/wp-json\/wp\/v2\/pages\/5113\/revisions\/7343"}],"wp:attachment":[{"href":"https:\/\/plymoth.com\/it\/wp-json\/wp\/v2\/media?parent=5113"}],"curies":[{"name":"wp","href":"https:\/\/api.w.org\/{rel}","templated":true}]}}