{"id":5164,"date":"2024-02-04T00:39:59","date_gmt":"2024-02-03T23:39:59","guid":{"rendered":"https:\/\/plymoth.com\/politique-de-confidentialite\/"},"modified":"2024-10-04T12:30:28","modified_gmt":"2024-10-04T10:30:28","slug":"politique-de-confidentialite","status":"publish","type":"page","link":"https:\/\/plymoth.com\/fr\/politique-de-confidentialite\/","title":{"rendered":"Politique de confidentialit\u00e9"},"content":{"rendered":"<p>J.Plymoth AB \u00e0 Traryd est le contr\u00f4leur des donn\u00e9es pour le traitement des donn\u00e9es personnelles d\u00e9crites dans cette politique de confidentialit\u00e9.<br \/>\nDans cette politique de confidentialit\u00e9, nous expliquons les types de donn\u00e9es personnelles que nous stockons et comment nous les traitons.<br \/>\nCette politique de confidentialit\u00e9 s&rsquo;applique \u00e0 : <a target=\"\" rel=\"noopener\" data-saferedirecturl=\"\"> https:\/\/plymoth.com\/.<\/a><br \/>\nVeuillez noter que J. Plymoth AB ne vend qu&rsquo;\u00e0 des entreprises et \u00e0 des organisations, jamais \u00e0 des particuliers.<br \/>\nLe r\u00e8glement sur la protection des donn\u00e9es est le terme su\u00e9dois pour GDPR (General Data Protection Regulation), qui est entr\u00e9 en vigueur le 25 mai 2018 et constitue le cadre applicable au traitement des donn\u00e9es personnelles.<\/p>\n<p><b><u>Donn\u00e9es personnelles que nous collectons et traitons<\/u><\/b> Nous traitons les cat\u00e9gories de donn\u00e9es personnelles suivantes :<\/p>\n<ul style=\"font-weight: 400;\">\n<li><strong>Informations de base sur les employ\u00e9s :<\/strong> Nom, date de naissance, relation de travail.<\/li>\n<li><strong>Informations de base sur les clients : <\/strong>Nom, soci\u00e9t\u00e9.<\/li>\n<li><strong>Informations de contact :<\/strong> Adresse, num\u00e9ro de t\u00e9l\u00e9phone, adresse \u00e9lectronique.<\/li>\n<li><strong>Informations sur le compte et le profil :<\/strong> Param\u00e8tres, pr\u00e9f\u00e9rences.<\/li>\n<li><strong>Informations sur les paiements :<\/strong> Informations sur les transactions, m\u00e9thodes de paiement.<\/li>\n<li><strong>Historique des clients et engagement :<\/strong> Informations sur les commandes et les livraisons, codes de r\u00e9duction.<\/li>\n<li><strong>Accords actifs et pr\u00e9c\u00e9dents.<\/strong><\/li>\n<li><strong>Activit\u00e9 des clients :<\/strong> Historique de lecture et d&rsquo;action des communications \u00e9lectroniques que nous envoyons.<\/li>\n<li><strong>Cookies :<\/strong> Notre site web n&rsquo;utilise pas de cookies.<\/li>\n<\/ul>\n<p>Les donn\u00e9es personnelles sont g\u00e9n\u00e9ralement collect\u00e9es directement aupr\u00e8s de vous ou g\u00e9n\u00e9r\u00e9es lorsque vous utilisez nos services et produits.<br \/>\nNous ne r\u00e9cup\u00e9rons pas de donn\u00e9es personnelles d&rsquo;autres sources.<\/p>\n<p><b><u>Comment utilisons-nous les donn\u00e9es personnelles ?<\/u><\/b><b>Livraison de services\/contrats<\/b><\/p>\n<p>Nous utilisons vos donn\u00e9es \u00e0 caract\u00e8re personnel pour remplir les contrats que nous avons conclus avec vous, c&rsquo;est-\u00e0-dire lorsque vous avez command\u00e9 un produit ou un service aupr\u00e8s de nous.<br \/>\nLa base juridique du traitement des donn\u00e9es personnelles \u00e0 cette fin est que le traitement est n\u00e9cessaire \u00e0 l&rsquo;ex\u00e9cution d&rsquo;un contrat avec vous.<\/p>\n<p><b>Gestion de la relation client<\/b><\/p>\n<p>Nous utilisons vos donn\u00e9es personnelles pour g\u00e9rer notre relation client avec vous.<br \/>\nIl peut s&rsquo;agir du service client\u00e8le, du traitement des r\u00e9clamations et de la r\u00e9solution des probl\u00e8mes li\u00e9s \u00e0 votre compte.<br \/>\nLa base juridique du traitement des donn\u00e9es personnelles \u00e0 cette fin est que le traitement est n\u00e9cessaire \u00e0 l&rsquo;ex\u00e9cution d&rsquo;un contrat avec vous.<br \/>\nAnalyse, d\u00e9veloppement commercial et am\u00e9lioration des services Nous travaillons en permanence au d\u00e9veloppement et \u00e0 l&rsquo;am\u00e9lioration de nos services et de nos produits.<br \/>\nUne grande partie de ce travail implique l&rsquo;analyse de diverses formes de donn\u00e9es personnelles, telles que l&rsquo;activit\u00e9 des clients, l&rsquo;historique des clients et les informations relatives au compte et au profil.<br \/>\nLa base juridique du traitement des donn\u00e9es personnelles \u00e0 cette fin est notre int\u00e9r\u00eat l\u00e9gitime.<\/p>\n<p><b>Exp\u00e9rience utilisateur personnalis\u00e9e<\/b><\/p>\n<p>Nous adaptons l&rsquo;exp\u00e9rience utilisateur et la communication \u00e0 votre relation client, en utilisant des donn\u00e9es personnelles \u00e0 cette fin.<br \/>\nLa base juridique du traitement des donn\u00e9es personnelles \u00e0 cette fin est notre int\u00e9r\u00eat l\u00e9gitime.<br \/>\nIl n&rsquo;y a pas de surveillance ou d&rsquo;enregistrement des appels t\u00e9l\u00e9phoniques.<\/p>\n<p><b>Ventes et marketing<\/b><\/p>\n<p>Nous utilisons des donn\u00e9es personnelles dans le cadre de la vente et du marketing de nos produits et services, par exemple par le biais de communications par courrier \u00e9lectronique.<br \/>\nLa base juridique du traitement des donn\u00e9es personnelles \u00e0 cette fin est notre int\u00e9r\u00eat l\u00e9gitime.<br \/>\nVous avez la possibilit\u00e9 de refuser certaines parties de ce traitement, par exemple en refusant de recevoir des courriels de notre part.<\/p>\n<p><b>Surveillance du syst\u00e8me, d\u00e9pannage, etc.<\/b><\/p>\n<p>Nous surveillons nos syst\u00e8mes pour d\u00e9tecter les erreurs et les probl\u00e8mes.<br \/>\nCertains de ces processus impliquent le stockage et le traitement de donn\u00e9es \u00e0 caract\u00e8re personnel.<br \/>\nLa base juridique du traitement des donn\u00e9es \u00e0 caract\u00e8re personnel \u00e0 cette fin est notre int\u00e9r\u00eat l\u00e9gitime.<br \/>\nS\u00e9curit\u00e9, d\u00e9tection des fraudes et activit\u00e9s criminelles Nous traitons les donn\u00e9es \u00e0 caract\u00e8re personnel dans le cadre de nos efforts pour prot\u00e9ger nos utilisateurs et nous-m\u00eames contre les fraudes, les abus et les activit\u00e9s criminelles.<\/p>\n<p><b>Stockage des donn\u00e9es<\/b><\/p>\n<p>Toutes les donn\u00e9es personnelles et les informations associ\u00e9es sont la propri\u00e9t\u00e9 de J.Plymoth AB et ne sont ni divulgu\u00e9es ni vendues.<br \/>\nNous accordons la priorit\u00e9 au plus haut niveau de s\u00e9curit\u00e9 pour le stockage et le traitement de ces donn\u00e9es.<br \/>\nLes donn\u00e9es personnelles sont conserv\u00e9es aussi longtemps que vous \u00eates client chez nous.<br \/>\nDans le cas contraire, les d\u00e9lais d&rsquo;archivage prescrits par les autorit\u00e9s s&rsquo;appliquent.<\/p>\n<p><b>Respect des obligations l\u00e9gales<\/b><\/p>\n<p>Dans certains cas, nous sommes oblig\u00e9s de traiter des donn\u00e9es \u00e0 caract\u00e8re personnel en raison d&rsquo;autres obligations l\u00e9gales.<br \/>\nC&rsquo;est le cas, par exemple, des informations relatives aux ventes, que nous sommes tenus d&rsquo;enregistrer et de conserver en vertu du droit comptable.<br \/>\nLa base juridique du traitement des donn\u00e9es \u00e0 caract\u00e8re personnel \u00e0 cette fin est que le traitement est n\u00e9cessaire pour remplir une obligation l\u00e9gale qui nous est impos\u00e9e. <b>Vos droits<\/b> Si vous souhaitez exercer l&rsquo;un de vos droits, contactez-nous \u00e0 l&rsquo;adresse <a> thomas@plymoth.com.<\/a><\/p>\n<p><b>Droit d&rsquo;acc\u00e8s \u00e0 vos propres donn\u00e9es<\/b><\/p>\n<p>Vous pouvez demander une copie de toutes les donn\u00e9es que nous traitons \u00e0 votre sujet.<br \/>\nContactez l&rsquo;adresse \u00e9lectronique ci-dessus pour exercer votre droit d&rsquo;acc\u00e8s.<\/p>\n<p><b>Droit de rectification des donn\u00e9es \u00e0 caract\u00e8re personnel<\/b><\/p>\n<p>Vous avez le droit de demander que nous corrigions ou compl\u00e9tions des donn\u00e9es qui sont incorrectes ou trompeuses.<\/p>\n<p><b>Droit<\/b> \u00e0 <b>l&rsquo;eff<\/b> acement des donn\u00e9es \u00e0 <b>caract\u00e8re personnel<\/b><\/p>\n<p>Vous avez le droit d&rsquo;obtenir l&rsquo;effacement de vos donn\u00e9es \u00e0 caract\u00e8re personnel dans les meilleurs d\u00e9lais.<br \/>\nVous pouvez nous demander \u00e0 tout moment d&rsquo;effacer les donn\u00e9es vous concernant.<br \/>\nNotez que les informations que nous sommes tenus de conserver en raison d&rsquo;autres obligations l\u00e9gales (telles que la loi sur la comptabilit\u00e9) ne seront pas supprim\u00e9es.<\/p>\n<p><b>Restriction du traitement des donn\u00e9es \u00e0 caract\u00e8re personnel<\/b><\/p>\n<p>Dans certaines situations, vous pouvez \u00e9galement nous demander de restreindre le traitement des donn\u00e9es vous concernant.<br \/>\nVous pouvez le faire en g\u00e9rant les consentements ou les r\u00e9servations dans nos solutions.<\/p>\n<p><b>Opposition au traitement des donn\u00e9es personnelles<\/b><\/p>\n<p>Si nous traitons des donn\u00e9es vous concernant sur la base de nos donn\u00e9es ou sur la base d&rsquo;une mise en balance des int\u00e9r\u00eats, vous avez le droit de vous opposer au traitement des donn\u00e9es vous concernant.<br \/>\nVous pouvez le faire en g\u00e9rant les consentements ou les r\u00e9servations dans nos solutions.<\/p>\n<p><b>Portabilit\u00e9 des donn\u00e9es<\/b><\/p>\n<p>Vous avez le droit de recevoir vos donn\u00e9es \u00e0 caract\u00e8re personnel dans un format structur\u00e9, couramment utilis\u00e9 et lisible par machine.<br \/>\nContactez l&rsquo;adresse \u00e9lectronique ci-dessus pour obtenir vos donn\u00e9es personnelles.<\/p>\n<p><b>Vous pouvez vous plaindre de notre traitement des donn\u00e9es personnelles<\/b><\/p>\n<p>Nous esp\u00e9rons que vous nous informerez si vous pensez que nous ne respectons pas les r\u00e8gles de la loi sur les donn\u00e9es personnelles.<br \/>\nVeuillez d&rsquo;abord nous en informer par le biais du contact ou du canal que vous avez d\u00e9j\u00e0 \u00e9tabli avec nous.<br \/>\nVous pouvez \u00e9galement vous plaindre de notre traitement des donn\u00e9es personnelles aupr\u00e8s de l&rsquo;Autorit\u00e9 su\u00e9doise de protection des donn\u00e9es (IMY).<\/p>\n<p>Traryd, 1er f\u00e9vrier 2024<\/p>\n<p>Jenni Nilsson PDG, J.Plymoth AB<\/p>\n","protected":false},"excerpt":{"rendered":"<p>J.Plymoth AB \u00e0 Traryd est le contr\u00f4leur des donn\u00e9es pour le traitement des donn\u00e9es personnelles d\u00e9crites dans cette politique de confidentialit\u00e9. Dans cette politique de confidentialit\u00e9, nous expliquons les types de donn\u00e9es personnelles que nous stockons et comment nous les traitons. Cette politique de confidentialit\u00e9 s&rsquo;applique \u00e0 : https:\/\/plymoth.com\/. Veuillez noter que J. Plymoth AB [&hellip;]<\/p>\n","protected":false},"author":3,"featured_media":0,"parent":0,"menu_order":0,"comment_status":"closed","ping_status":"closed","template":"","meta":{"footnotes":""},"class_list":["post-5164","page","type-page","status-publish","hentry"],"acf":[],"yoast_head":"<!-- This site is optimized with the Yoast SEO plugin v22.4 - https:\/\/yoast.com\/wordpress\/plugins\/seo\/ -->\n<title>Politique de confidentialit\u00e9 - Plymoth<\/title>\n<meta name=\"robots\" content=\"index, follow, max-snippet:-1, max-image-preview:large, max-video-preview:-1\" \/>\n<link rel=\"canonical\" href=\"https:\/\/plymoth.com\/fr\/politique-de-confidentialite\/\" \/>\n<meta property=\"og:locale\" content=\"fr_FR\" \/>\n<meta property=\"og:type\" content=\"article\" \/>\n<meta property=\"og:title\" content=\"Politique de confidentialit\u00e9 - Plymoth\" \/>\n<meta property=\"og:description\" content=\"J.Plymoth AB \u00e0 Traryd est le contr\u00f4leur des donn\u00e9es pour le traitement des donn\u00e9es personnelles d\u00e9crites dans cette politique de confidentialit\u00e9. Dans cette politique de confidentialit\u00e9, nous expliquons les types de donn\u00e9es personnelles que nous stockons et comment nous les traitons. Cette politique de confidentialit\u00e9 s&rsquo;applique \u00e0 : https:\/\/plymoth.com\/. Veuillez noter que J. Plymoth AB [&hellip;]\" \/>\n<meta property=\"og:url\" content=\"https:\/\/plymoth.com\/fr\/politique-de-confidentialite\/\" \/>\n<meta property=\"og:site_name\" content=\"Plymoth\" \/>\n<meta property=\"article:publisher\" content=\"https:\/\/www.facebook.com\/jplymoth\" \/>\n<meta property=\"article:modified_time\" content=\"2024-10-04T10:30:28+00:00\" \/>\n<meta name=\"twitter:card\" content=\"summary_large_image\" \/>\n<meta name=\"twitter:label1\" content=\"Dur\u00e9e de lecture estim\u00e9e\" \/>\n\t<meta name=\"twitter:data1\" content=\"5 minutes\" \/>\n<script type=\"application\/ld+json\" class=\"yoast-schema-graph\">{\"@context\":\"https:\/\/schema.org\",\"@graph\":[{\"@type\":\"WebPage\",\"@id\":\"https:\/\/plymoth.com\/fr\/politique-de-confidentialite\/\",\"url\":\"https:\/\/plymoth.com\/fr\/politique-de-confidentialite\/\",\"name\":\"Politique de confidentialit\u00e9 - Plymoth\",\"isPartOf\":{\"@id\":\"https:\/\/plymoth.com\/fr\/#website\"},\"datePublished\":\"2024-02-03T23:39:59+00:00\",\"dateModified\":\"2024-10-04T10:30:28+00:00\",\"breadcrumb\":{\"@id\":\"https:\/\/plymoth.com\/fr\/politique-de-confidentialite\/#breadcrumb\"},\"inLanguage\":\"fr-FR\",\"potentialAction\":[{\"@type\":\"ReadAction\",\"target\":[\"https:\/\/plymoth.com\/fr\/politique-de-confidentialite\/\"]}]},{\"@type\":\"BreadcrumbList\",\"@id\":\"https:\/\/plymoth.com\/fr\/politique-de-confidentialite\/#breadcrumb\",\"itemListElement\":[{\"@type\":\"ListItem\",\"position\":1,\"name\":\"Home\",\"item\":\"https:\/\/plymoth.com\/fr\/\"},{\"@type\":\"ListItem\",\"position\":2,\"name\":\"Politique de confidentialit\u00e9\"}]},{\"@type\":\"WebSite\",\"@id\":\"https:\/\/plymoth.com\/fr\/#website\",\"url\":\"https:\/\/plymoth.com\/fr\/\",\"name\":\"Plymoth\",\"description\":\"Dust, Fume Extractors and Oil Mist Collectors\",\"publisher\":{\"@id\":\"https:\/\/plymoth.com\/fr\/#organization\"},\"potentialAction\":[{\"@type\":\"SearchAction\",\"target\":{\"@type\":\"EntryPoint\",\"urlTemplate\":\"https:\/\/plymoth.com\/fr\/?s={search_term_string}\"},\"query-input\":\"required name=search_term_string\"}],\"inLanguage\":\"fr-FR\"},{\"@type\":\"Organization\",\"@id\":\"https:\/\/plymoth.com\/fr\/#organization\",\"name\":\"Plymoth\",\"url\":\"https:\/\/plymoth.com\/fr\/\",\"logo\":{\"@type\":\"ImageObject\",\"inLanguage\":\"fr-FR\",\"@id\":\"https:\/\/plymoth.com\/fr\/#\/schema\/logo\/image\/\",\"url\":\"https:\/\/plymoth.com\/wp-content\/uploads\/2022\/09\/plymoth_original_CMYK.png\",\"contentUrl\":\"https:\/\/plymoth.com\/wp-content\/uploads\/2022\/09\/plymoth_original_CMYK.png\",\"width\":933,\"height\":195,\"caption\":\"Plymoth\"},\"image\":{\"@id\":\"https:\/\/plymoth.com\/fr\/#\/schema\/logo\/image\/\"},\"sameAs\":[\"https:\/\/www.facebook.com\/jplymoth\"]}]}<\/script>\n<!-- \/ Yoast SEO plugin. -->","yoast_head_json":{"title":"Politique de confidentialit\u00e9 - Plymoth","robots":{"index":"index","follow":"follow","max-snippet":"max-snippet:-1","max-image-preview":"max-image-preview:large","max-video-preview":"max-video-preview:-1"},"canonical":"https:\/\/plymoth.com\/fr\/politique-de-confidentialite\/","og_locale":"fr_FR","og_type":"article","og_title":"Politique de confidentialit\u00e9 - Plymoth","og_description":"J.Plymoth AB \u00e0 Traryd est le contr\u00f4leur des donn\u00e9es pour le traitement des donn\u00e9es personnelles d\u00e9crites dans cette politique de confidentialit\u00e9. Dans cette politique de confidentialit\u00e9, nous expliquons les types de donn\u00e9es personnelles que nous stockons et comment nous les traitons. Cette politique de confidentialit\u00e9 s&rsquo;applique \u00e0 : https:\/\/plymoth.com\/. Veuillez noter que J. Plymoth AB [&hellip;]","og_url":"https:\/\/plymoth.com\/fr\/politique-de-confidentialite\/","og_site_name":"Plymoth","article_publisher":"https:\/\/www.facebook.com\/jplymoth","article_modified_time":"2024-10-04T10:30:28+00:00","twitter_card":"summary_large_image","twitter_misc":{"Dur\u00e9e de lecture estim\u00e9e":"5 minutes"},"schema":{"@context":"https:\/\/schema.org","@graph":[{"@type":"WebPage","@id":"https:\/\/plymoth.com\/fr\/politique-de-confidentialite\/","url":"https:\/\/plymoth.com\/fr\/politique-de-confidentialite\/","name":"Politique de confidentialit\u00e9 - Plymoth","isPartOf":{"@id":"https:\/\/plymoth.com\/fr\/#website"},"datePublished":"2024-02-03T23:39:59+00:00","dateModified":"2024-10-04T10:30:28+00:00","breadcrumb":{"@id":"https:\/\/plymoth.com\/fr\/politique-de-confidentialite\/#breadcrumb"},"inLanguage":"fr-FR","potentialAction":[{"@type":"ReadAction","target":["https:\/\/plymoth.com\/fr\/politique-de-confidentialite\/"]}]},{"@type":"BreadcrumbList","@id":"https:\/\/plymoth.com\/fr\/politique-de-confidentialite\/#breadcrumb","itemListElement":[{"@type":"ListItem","position":1,"name":"Home","item":"https:\/\/plymoth.com\/fr\/"},{"@type":"ListItem","position":2,"name":"Politique de confidentialit\u00e9"}]},{"@type":"WebSite","@id":"https:\/\/plymoth.com\/fr\/#website","url":"https:\/\/plymoth.com\/fr\/","name":"Plymoth","description":"Dust, Fume Extractors and Oil Mist Collectors","publisher":{"@id":"https:\/\/plymoth.com\/fr\/#organization"},"potentialAction":[{"@type":"SearchAction","target":{"@type":"EntryPoint","urlTemplate":"https:\/\/plymoth.com\/fr\/?s={search_term_string}"},"query-input":"required name=search_term_string"}],"inLanguage":"fr-FR"},{"@type":"Organization","@id":"https:\/\/plymoth.com\/fr\/#organization","name":"Plymoth","url":"https:\/\/plymoth.com\/fr\/","logo":{"@type":"ImageObject","inLanguage":"fr-FR","@id":"https:\/\/plymoth.com\/fr\/#\/schema\/logo\/image\/","url":"https:\/\/plymoth.com\/wp-content\/uploads\/2022\/09\/plymoth_original_CMYK.png","contentUrl":"https:\/\/plymoth.com\/wp-content\/uploads\/2022\/09\/plymoth_original_CMYK.png","width":933,"height":195,"caption":"Plymoth"},"image":{"@id":"https:\/\/plymoth.com\/fr\/#\/schema\/logo\/image\/"},"sameAs":["https:\/\/www.facebook.com\/jplymoth"]}]}},"_links":{"self":[{"href":"https:\/\/plymoth.com\/fr\/wp-json\/wp\/v2\/pages\/5164","targetHints":{"allow":["GET"]}}],"collection":[{"href":"https:\/\/plymoth.com\/fr\/wp-json\/wp\/v2\/pages"}],"about":[{"href":"https:\/\/plymoth.com\/fr\/wp-json\/wp\/v2\/types\/page"}],"author":[{"embeddable":true,"href":"https:\/\/plymoth.com\/fr\/wp-json\/wp\/v2\/users\/3"}],"replies":[{"embeddable":true,"href":"https:\/\/plymoth.com\/fr\/wp-json\/wp\/v2\/comments?post=5164"}],"version-history":[{"count":5,"href":"https:\/\/plymoth.com\/fr\/wp-json\/wp\/v2\/pages\/5164\/revisions"}],"predecessor-version":[{"id":6807,"href":"https:\/\/plymoth.com\/fr\/wp-json\/wp\/v2\/pages\/5164\/revisions\/6807"}],"wp:attachment":[{"href":"https:\/\/plymoth.com\/fr\/wp-json\/wp\/v2\/media?parent=5164"}],"curies":[{"name":"wp","href":"https:\/\/api.w.org\/{rel}","templated":true}]}}