{"id":5161,"date":"2016-10-04T12:16:48","date_gmt":"2016-10-04T10:16:48","guid":{"rendered":"https:\/\/plymoth.com\/a-propos-de\/"},"modified":"2025-09-10T08:36:15","modified_gmt":"2025-09-10T06:36:15","slug":"a-propos-de","status":"publish","type":"page","link":"https:\/\/plymoth.com\/fr\/a-propos-de\/","title":{"rendered":"A propos de"},"content":{"rendered":"<p id=\"u1609-2\">J. Plymoth est le fournisseur su\u00e9dois de produits et de syst\u00e8mes environnementaux pour la purification de l&rsquo;air.<br \/>\nDepuis plus de 40 ans, Plymoth d\u00e9veloppe et am\u00e9liore la technologie Air Care en capturant les polluants atmosph\u00e9riques \u00e0 la source, en filtrant et en recyclant l&rsquo;air.<br \/>\nLe si\u00e8ge social, la R&amp;D et la production principale sont bas\u00e9s en Su\u00e8de.<br \/>\nUne nouvelle usine d&rsquo;assemblage a \u00e9t\u00e9 construite en 2007 \u00e0 Shanghai, en Chine, pour le march\u00e9 chinois.<\/p>\n<p id=\"u1609-8\">La forte sensibilisation \u00e0 l&rsquo;environnement en Scandinavie, combin\u00e9e \u00e0 la l\u00e9gislation rigoureuse en mati\u00e8re d&rsquo;espace de travail en Europe, a \u00e9t\u00e9 la force motrice du d\u00e9veloppement de produits de haute qualit\u00e9 et de solutions de syst\u00e8mes \u00e0 haute efficacit\u00e9.<\/p>\n<p id=\"u1609-11\">Aujourd&rsquo;hui, il est bien connu qu&rsquo;un bon environnement de travail est synonyme d&rsquo;un personnel en meilleure sant\u00e9, mais aussi d&rsquo;une production plus s\u00fbre et de meilleure qualit\u00e9, d&rsquo;une plus grande efficacit\u00e9 et d&rsquo;une meilleure \u00e9cologie ; une entreprise dot\u00e9e d&rsquo;un bon environnement de travail est un lieu de travail attrayant.<\/p>\n<p id=\"u1609-14\">Les solutions environnementales de Plymoth contribuent \u00e0 r\u00e9duire la consommation d&rsquo;\u00e9nergie dans le processus de fabrication, \u00e0 r\u00e9duire les \u00e9missions de l&rsquo;usine et, par cons\u00e9quent, \u00e0 diminuer l&rsquo;impact sur l&rsquo;environnement.<\/p>\n<p>&nbsp;<\/p>\n<h2>Usine<\/h2>\n<p><span class=\"s1\">L&rsquo;usine de fabrication s&rsquo;\u00e9tend sur plus de 95.000 pieds carr\u00e9s et est \u00e9quip\u00e9e de machines de d\u00e9coupe au laser Trumpf modernes et efficaces, de presses plieuses Weinbrenner, de d\u00e9partements de soudage avec manipulateurs, d&rsquo;une installation de peinture en poudre enti\u00e8rement automatique avec robotique (900 m<\/span><span class=\"s2\">2<\/span><span class=\"s1\">) et des d\u00e9partements de montage bien \u00e9quip\u00e9s.<br \/>\nLa main-d&rsquo;\u0153uvre qualifi\u00e9e de Plymoth cr\u00e9e des produits de haute qualit\u00e9 et une ing\u00e9nierie de pr\u00e9cision \u00e0 des prix comp\u00e9titifs. <\/span><\/p>\n<p><img loading=\"lazy\" decoding=\"async\" width=\"507\" height=\"217\" class=\"alignnone size-full wp-image-45\" src=\"http:\/\/plymoth.com\/wp-content\/uploads\/2016\/10\/plymoth-factory.png\" alt=\"usine de plymoth\" srcset=\"https:\/\/plymoth.com\/wp-content\/uploads\/2016\/10\/plymoth-factory.png 507w, https:\/\/plymoth.com\/wp-content\/uploads\/2016\/10\/plymoth-factory-300x128.png 300w\" sizes=\"auto, (max-width: 507px) 100vw, 507px\" \/><\/p>\n","protected":false},"excerpt":{"rendered":"<p>J. Plymoth est le fournisseur su\u00e9dois de produits et de syst\u00e8mes environnementaux pour la purification de l&rsquo;air. Depuis plus de 40 ans, Plymoth d\u00e9veloppe et am\u00e9liore la technologie Air Care en capturant les polluants atmosph\u00e9riques \u00e0 la source, en filtrant et en recyclant l&rsquo;air. Le si\u00e8ge social, la R&amp;D et la production principale sont bas\u00e9s [&hellip;]<\/p>\n","protected":false},"author":3,"featured_media":0,"parent":0,"menu_order":0,"comment_status":"closed","ping_status":"closed","template":"","meta":{"footnotes":""},"class_list":["post-5161","page","type-page","status-publish","hentry"],"acf":[],"yoast_head":"<!-- This site is optimized with the Yoast SEO plugin v22.4 - https:\/\/yoast.com\/wordpress\/plugins\/seo\/ -->\n<title>A propos de - Plymoth<\/title>\n<meta name=\"robots\" content=\"index, follow, max-snippet:-1, max-image-preview:large, max-video-preview:-1\" \/>\n<link rel=\"canonical\" href=\"https:\/\/plymoth.com\/fr\/a-propos-de\/\" \/>\n<meta property=\"og:locale\" content=\"fr_FR\" \/>\n<meta property=\"og:type\" content=\"article\" \/>\n<meta property=\"og:title\" content=\"A propos de - Plymoth\" \/>\n<meta property=\"og:description\" content=\"J. Plymoth est le fournisseur su\u00e9dois de produits et de syst\u00e8mes environnementaux pour la purification de l&rsquo;air. Depuis plus de 40 ans, Plymoth d\u00e9veloppe et am\u00e9liore la technologie Air Care en capturant les polluants atmosph\u00e9riques \u00e0 la source, en filtrant et en recyclant l&rsquo;air. Le si\u00e8ge social, la R&amp;D et la production principale sont bas\u00e9s [&hellip;]\" \/>\n<meta property=\"og:url\" content=\"https:\/\/plymoth.com\/fr\/a-propos-de\/\" \/>\n<meta property=\"og:site_name\" content=\"Plymoth\" \/>\n<meta property=\"article:publisher\" content=\"https:\/\/www.facebook.com\/jplymoth\" \/>\n<meta property=\"article:modified_time\" content=\"2025-09-10T06:36:15+00:00\" \/>\n<meta property=\"og:image\" content=\"http:\/\/plymoth.com\/wp-content\/uploads\/2016\/10\/plymoth-factory.png\" \/>\n<meta name=\"twitter:card\" content=\"summary_large_image\" \/>\n<meta name=\"twitter:label1\" content=\"Dur\u00e9e de lecture estim\u00e9e\" \/>\n\t<meta name=\"twitter:data1\" content=\"2 minutes\" \/>\n<script type=\"application\/ld+json\" class=\"yoast-schema-graph\">{\"@context\":\"https:\/\/schema.org\",\"@graph\":[{\"@type\":\"WebPage\",\"@id\":\"https:\/\/plymoth.com\/fr\/a-propos-de\/\",\"url\":\"https:\/\/plymoth.com\/fr\/a-propos-de\/\",\"name\":\"A propos de - Plymoth\",\"isPartOf\":{\"@id\":\"https:\/\/plymoth.com\/fr\/#website\"},\"primaryImageOfPage\":{\"@id\":\"https:\/\/plymoth.com\/fr\/a-propos-de\/#primaryimage\"},\"image\":{\"@id\":\"https:\/\/plymoth.com\/fr\/a-propos-de\/#primaryimage\"},\"thumbnailUrl\":\"http:\/\/plymoth.com\/wp-content\/uploads\/2016\/10\/plymoth-factory.png\",\"datePublished\":\"2016-10-04T10:16:48+00:00\",\"dateModified\":\"2025-09-10T06:36:15+00:00\",\"breadcrumb\":{\"@id\":\"https:\/\/plymoth.com\/fr\/a-propos-de\/#breadcrumb\"},\"inLanguage\":\"fr-FR\",\"potentialAction\":[{\"@type\":\"ReadAction\",\"target\":[\"https:\/\/plymoth.com\/fr\/a-propos-de\/\"]}]},{\"@type\":\"ImageObject\",\"inLanguage\":\"fr-FR\",\"@id\":\"https:\/\/plymoth.com\/fr\/a-propos-de\/#primaryimage\",\"url\":\"http:\/\/plymoth.com\/wp-content\/uploads\/2016\/10\/plymoth-factory.png\",\"contentUrl\":\"http:\/\/plymoth.com\/wp-content\/uploads\/2016\/10\/plymoth-factory.png\"},{\"@type\":\"BreadcrumbList\",\"@id\":\"https:\/\/plymoth.com\/fr\/a-propos-de\/#breadcrumb\",\"itemListElement\":[{\"@type\":\"ListItem\",\"position\":1,\"name\":\"Home\",\"item\":\"https:\/\/plymoth.com\/fr\/\"},{\"@type\":\"ListItem\",\"position\":2,\"name\":\"A propos de\"}]},{\"@type\":\"WebSite\",\"@id\":\"https:\/\/plymoth.com\/fr\/#website\",\"url\":\"https:\/\/plymoth.com\/fr\/\",\"name\":\"Plymoth\",\"description\":\"Dust, Fume Extractors and Oil Mist Collectors\",\"publisher\":{\"@id\":\"https:\/\/plymoth.com\/fr\/#organization\"},\"potentialAction\":[{\"@type\":\"SearchAction\",\"target\":{\"@type\":\"EntryPoint\",\"urlTemplate\":\"https:\/\/plymoth.com\/fr\/?s={search_term_string}\"},\"query-input\":\"required name=search_term_string\"}],\"inLanguage\":\"fr-FR\"},{\"@type\":\"Organization\",\"@id\":\"https:\/\/plymoth.com\/fr\/#organization\",\"name\":\"Plymoth\",\"url\":\"https:\/\/plymoth.com\/fr\/\",\"logo\":{\"@type\":\"ImageObject\",\"inLanguage\":\"fr-FR\",\"@id\":\"https:\/\/plymoth.com\/fr\/#\/schema\/logo\/image\/\",\"url\":\"https:\/\/plymoth.com\/wp-content\/uploads\/2022\/09\/plymoth_original_CMYK.png\",\"contentUrl\":\"https:\/\/plymoth.com\/wp-content\/uploads\/2022\/09\/plymoth_original_CMYK.png\",\"width\":933,\"height\":195,\"caption\":\"Plymoth\"},\"image\":{\"@id\":\"https:\/\/plymoth.com\/fr\/#\/schema\/logo\/image\/\"},\"sameAs\":[\"https:\/\/www.facebook.com\/jplymoth\"]}]}<\/script>\n<!-- \/ Yoast SEO plugin. -->","yoast_head_json":{"title":"A propos de - Plymoth","robots":{"index":"index","follow":"follow","max-snippet":"max-snippet:-1","max-image-preview":"max-image-preview:large","max-video-preview":"max-video-preview:-1"},"canonical":"https:\/\/plymoth.com\/fr\/a-propos-de\/","og_locale":"fr_FR","og_type":"article","og_title":"A propos de - Plymoth","og_description":"J. Plymoth est le fournisseur su\u00e9dois de produits et de syst\u00e8mes environnementaux pour la purification de l&rsquo;air. Depuis plus de 40 ans, Plymoth d\u00e9veloppe et am\u00e9liore la technologie Air Care en capturant les polluants atmosph\u00e9riques \u00e0 la source, en filtrant et en recyclant l&rsquo;air. Le si\u00e8ge social, la R&amp;D et la production principale sont bas\u00e9s [&hellip;]","og_url":"https:\/\/plymoth.com\/fr\/a-propos-de\/","og_site_name":"Plymoth","article_publisher":"https:\/\/www.facebook.com\/jplymoth","article_modified_time":"2025-09-10T06:36:15+00:00","og_image":[{"url":"http:\/\/plymoth.com\/wp-content\/uploads\/2016\/10\/plymoth-factory.png"}],"twitter_card":"summary_large_image","twitter_misc":{"Dur\u00e9e de lecture estim\u00e9e":"2 minutes"},"schema":{"@context":"https:\/\/schema.org","@graph":[{"@type":"WebPage","@id":"https:\/\/plymoth.com\/fr\/a-propos-de\/","url":"https:\/\/plymoth.com\/fr\/a-propos-de\/","name":"A propos de - Plymoth","isPartOf":{"@id":"https:\/\/plymoth.com\/fr\/#website"},"primaryImageOfPage":{"@id":"https:\/\/plymoth.com\/fr\/a-propos-de\/#primaryimage"},"image":{"@id":"https:\/\/plymoth.com\/fr\/a-propos-de\/#primaryimage"},"thumbnailUrl":"http:\/\/plymoth.com\/wp-content\/uploads\/2016\/10\/plymoth-factory.png","datePublished":"2016-10-04T10:16:48+00:00","dateModified":"2025-09-10T06:36:15+00:00","breadcrumb":{"@id":"https:\/\/plymoth.com\/fr\/a-propos-de\/#breadcrumb"},"inLanguage":"fr-FR","potentialAction":[{"@type":"ReadAction","target":["https:\/\/plymoth.com\/fr\/a-propos-de\/"]}]},{"@type":"ImageObject","inLanguage":"fr-FR","@id":"https:\/\/plymoth.com\/fr\/a-propos-de\/#primaryimage","url":"http:\/\/plymoth.com\/wp-content\/uploads\/2016\/10\/plymoth-factory.png","contentUrl":"http:\/\/plymoth.com\/wp-content\/uploads\/2016\/10\/plymoth-factory.png"},{"@type":"BreadcrumbList","@id":"https:\/\/plymoth.com\/fr\/a-propos-de\/#breadcrumb","itemListElement":[{"@type":"ListItem","position":1,"name":"Home","item":"https:\/\/plymoth.com\/fr\/"},{"@type":"ListItem","position":2,"name":"A propos de"}]},{"@type":"WebSite","@id":"https:\/\/plymoth.com\/fr\/#website","url":"https:\/\/plymoth.com\/fr\/","name":"Plymoth","description":"Dust, Fume Extractors and Oil Mist Collectors","publisher":{"@id":"https:\/\/plymoth.com\/fr\/#organization"},"potentialAction":[{"@type":"SearchAction","target":{"@type":"EntryPoint","urlTemplate":"https:\/\/plymoth.com\/fr\/?s={search_term_string}"},"query-input":"required name=search_term_string"}],"inLanguage":"fr-FR"},{"@type":"Organization","@id":"https:\/\/plymoth.com\/fr\/#organization","name":"Plymoth","url":"https:\/\/plymoth.com\/fr\/","logo":{"@type":"ImageObject","inLanguage":"fr-FR","@id":"https:\/\/plymoth.com\/fr\/#\/schema\/logo\/image\/","url":"https:\/\/plymoth.com\/wp-content\/uploads\/2022\/09\/plymoth_original_CMYK.png","contentUrl":"https:\/\/plymoth.com\/wp-content\/uploads\/2022\/09\/plymoth_original_CMYK.png","width":933,"height":195,"caption":"Plymoth"},"image":{"@id":"https:\/\/plymoth.com\/fr\/#\/schema\/logo\/image\/"},"sameAs":["https:\/\/www.facebook.com\/jplymoth"]}]}},"_links":{"self":[{"href":"https:\/\/plymoth.com\/fr\/wp-json\/wp\/v2\/pages\/5161","targetHints":{"allow":["GET"]}}],"collection":[{"href":"https:\/\/plymoth.com\/fr\/wp-json\/wp\/v2\/pages"}],"about":[{"href":"https:\/\/plymoth.com\/fr\/wp-json\/wp\/v2\/types\/page"}],"author":[{"embeddable":true,"href":"https:\/\/plymoth.com\/fr\/wp-json\/wp\/v2\/users\/3"}],"replies":[{"embeddable":true,"href":"https:\/\/plymoth.com\/fr\/wp-json\/wp\/v2\/comments?post=5161"}],"version-history":[{"count":4,"href":"https:\/\/plymoth.com\/fr\/wp-json\/wp\/v2\/pages\/5161\/revisions"}],"predecessor-version":[{"id":7340,"href":"https:\/\/plymoth.com\/fr\/wp-json\/wp\/v2\/pages\/5161\/revisions\/7340"}],"wp:attachment":[{"href":"https:\/\/plymoth.com\/fr\/wp-json\/wp\/v2\/media?parent=5161"}],"curies":[{"name":"wp","href":"https:\/\/api.w.org\/{rel}","templated":true}]}}