{"id":5145,"date":"2016-10-04T12:17:18","date_gmt":"2016-10-04T10:17:18","guid":{"rendered":"https:\/\/plymoth.com\/distribuidores\/"},"modified":"2025-09-09T17:32:51","modified_gmt":"2025-09-09T15:32:51","slug":"distribuidores","status":"publish","type":"page","link":"https:\/\/plymoth.com\/es\/distribuidores\/","title":{"rendered":"Distribuidores"},"content":{"rendered":"<header class=\"entry-header\">\n<h1 class=\"entry-title\">Buscamos distribuidores con experiencia<\/h1>\n<\/header>\n<div class=\"entry-content\">\n<div id=\"distributors-right\">Buscamos distribuidores en todo el mundo que tengan experiencia en algunos de los siguientes campos del mercado:<\/div>\n<p>&#8211; Equipos de extracci\u00f3n de humos de soldadura<br \/>\n&#8211; Equipos de extracci\u00f3n de neblina de aceite<br \/>\n&#8211; Brazos de extracci\u00f3n para la industria qu\u00edmica, farmac\u00e9utica y alimentaria<br \/>\n&#8211; Equipos de extracci\u00f3n de gases de escape <\/p>\n<p><a href=\"\/contact\/\"><strong>Env\u00eda un correo electr\u00f3nico<\/strong><\/a> para ponerte en contacto con nosotros sin compromiso.<br \/>\nPodemos ofrecerte precios competitivos, ya que lo fabricamos todo en nuestra propia planta de Traryd (Suecia).<\/p>\n<p>\u00a1Esperamos tener noticias tuyas!<br \/>\n<img loading=\"lazy\" decoding=\"async\" width=\"400\" height=\"137\" class=\"alignnone size-medium wp-image-39\" src=\"http:\/\/plymoth.com\/wp-content\/uploads\/2016\/10\/jan.jpg\" alt=\"jan\" srcset=\"https:\/\/plymoth.com\/wp-content\/uploads\/2016\/10\/jan.jpg 400w, https:\/\/plymoth.com\/wp-content\/uploads\/2016\/10\/jan-300x103.jpg 300w\" sizes=\"auto, (max-width: 400px) 100vw, 400px\" \/>  <\/p>\n<p>Atentamente,<br \/>\nJan Plymoth \/ J. Plymoth AB  <\/p><\/div>\n","protected":false},"excerpt":{"rendered":"<p>Buscamos distribuidores con experiencia Buscamos distribuidores en todo el mundo que tengan experiencia en algunos de los siguientes campos del mercado: &#8211; Equipos de extracci\u00f3n de humos de soldadura &#8211; Equipos de extracci\u00f3n de neblina de aceite &#8211; Brazos de extracci\u00f3n para la industria qu\u00edmica, farmac\u00e9utica y alimentaria &#8211; Equipos de extracci\u00f3n de gases de [&hellip;]<\/p>\n","protected":false},"author":3,"featured_media":0,"parent":0,"menu_order":0,"comment_status":"closed","ping_status":"closed","template":"","meta":{"footnotes":""},"class_list":["post-5145","page","type-page","status-publish","hentry"],"acf":[],"yoast_head":"<!-- This site is optimized with the Yoast SEO plugin v22.4 - https:\/\/yoast.com\/wordpress\/plugins\/seo\/ -->\n<title>Distribuidores - Plymoth<\/title>\n<meta name=\"robots\" content=\"index, follow, max-snippet:-1, max-image-preview:large, max-video-preview:-1\" \/>\n<link rel=\"canonical\" href=\"https:\/\/plymoth.com\/es\/distribuidores\/\" \/>\n<meta property=\"og:locale\" content=\"es_ES\" \/>\n<meta property=\"og:type\" content=\"article\" \/>\n<meta property=\"og:title\" content=\"Distribuidores - Plymoth\" \/>\n<meta property=\"og:description\" content=\"Buscamos distribuidores con experiencia Buscamos distribuidores en todo el mundo que tengan experiencia en algunos de los siguientes campos del mercado: &#8211; Equipos de extracci\u00f3n de humos de soldadura &#8211; Equipos de extracci\u00f3n de neblina de aceite &#8211; Brazos de extracci\u00f3n para la industria qu\u00edmica, farmac\u00e9utica y alimentaria &#8211; Equipos de extracci\u00f3n de gases de [&hellip;]\" \/>\n<meta property=\"og:url\" content=\"https:\/\/plymoth.com\/es\/distribuidores\/\" \/>\n<meta property=\"og:site_name\" content=\"Plymoth\" \/>\n<meta property=\"article:publisher\" content=\"https:\/\/www.facebook.com\/jplymoth\" \/>\n<meta property=\"article:modified_time\" content=\"2025-09-09T15:32:51+00:00\" \/>\n<meta property=\"og:image\" content=\"http:\/\/plymoth.com\/wp-content\/uploads\/2016\/10\/jan.jpg\" \/>\n<meta name=\"twitter:card\" content=\"summary_large_image\" \/>\n<meta name=\"twitter:label1\" content=\"Tiempo de lectura\" \/>\n\t<meta name=\"twitter:data1\" content=\"1 minuto\" \/>\n<script type=\"application\/ld+json\" class=\"yoast-schema-graph\">{\"@context\":\"https:\/\/schema.org\",\"@graph\":[{\"@type\":\"WebPage\",\"@id\":\"https:\/\/plymoth.com\/es\/distribuidores\/\",\"url\":\"https:\/\/plymoth.com\/es\/distribuidores\/\",\"name\":\"Distribuidores - Plymoth\",\"isPartOf\":{\"@id\":\"https:\/\/plymoth.com\/es\/#website\"},\"primaryImageOfPage\":{\"@id\":\"https:\/\/plymoth.com\/es\/distribuidores\/#primaryimage\"},\"image\":{\"@id\":\"https:\/\/plymoth.com\/es\/distribuidores\/#primaryimage\"},\"thumbnailUrl\":\"http:\/\/plymoth.com\/wp-content\/uploads\/2016\/10\/jan.jpg\",\"datePublished\":\"2016-10-04T10:17:18+00:00\",\"dateModified\":\"2025-09-09T15:32:51+00:00\",\"breadcrumb\":{\"@id\":\"https:\/\/plymoth.com\/es\/distribuidores\/#breadcrumb\"},\"inLanguage\":\"es\",\"potentialAction\":[{\"@type\":\"ReadAction\",\"target\":[\"https:\/\/plymoth.com\/es\/distribuidores\/\"]}]},{\"@type\":\"ImageObject\",\"inLanguage\":\"es\",\"@id\":\"https:\/\/plymoth.com\/es\/distribuidores\/#primaryimage\",\"url\":\"http:\/\/plymoth.com\/wp-content\/uploads\/2016\/10\/jan.jpg\",\"contentUrl\":\"http:\/\/plymoth.com\/wp-content\/uploads\/2016\/10\/jan.jpg\"},{\"@type\":\"BreadcrumbList\",\"@id\":\"https:\/\/plymoth.com\/es\/distribuidores\/#breadcrumb\",\"itemListElement\":[{\"@type\":\"ListItem\",\"position\":1,\"name\":\"Home\",\"item\":\"https:\/\/plymoth.com\/es\/\"},{\"@type\":\"ListItem\",\"position\":2,\"name\":\"Distribuidores\"}]},{\"@type\":\"WebSite\",\"@id\":\"https:\/\/plymoth.com\/es\/#website\",\"url\":\"https:\/\/plymoth.com\/es\/\",\"name\":\"Plymoth\",\"description\":\"Dust, Fume Extractors and Oil Mist Collectors\",\"publisher\":{\"@id\":\"https:\/\/plymoth.com\/es\/#organization\"},\"potentialAction\":[{\"@type\":\"SearchAction\",\"target\":{\"@type\":\"EntryPoint\",\"urlTemplate\":\"https:\/\/plymoth.com\/es\/?s={search_term_string}\"},\"query-input\":\"required name=search_term_string\"}],\"inLanguage\":\"es\"},{\"@type\":\"Organization\",\"@id\":\"https:\/\/plymoth.com\/es\/#organization\",\"name\":\"Plymoth\",\"url\":\"https:\/\/plymoth.com\/es\/\",\"logo\":{\"@type\":\"ImageObject\",\"inLanguage\":\"es\",\"@id\":\"https:\/\/plymoth.com\/es\/#\/schema\/logo\/image\/\",\"url\":\"https:\/\/plymoth.com\/wp-content\/uploads\/2022\/09\/plymoth_original_CMYK.png\",\"contentUrl\":\"https:\/\/plymoth.com\/wp-content\/uploads\/2022\/09\/plymoth_original_CMYK.png\",\"width\":933,\"height\":195,\"caption\":\"Plymoth\"},\"image\":{\"@id\":\"https:\/\/plymoth.com\/es\/#\/schema\/logo\/image\/\"},\"sameAs\":[\"https:\/\/www.facebook.com\/jplymoth\"]}]}<\/script>\n<!-- \/ Yoast SEO plugin. -->","yoast_head_json":{"title":"Distribuidores - Plymoth","robots":{"index":"index","follow":"follow","max-snippet":"max-snippet:-1","max-image-preview":"max-image-preview:large","max-video-preview":"max-video-preview:-1"},"canonical":"https:\/\/plymoth.com\/es\/distribuidores\/","og_locale":"es_ES","og_type":"article","og_title":"Distribuidores - Plymoth","og_description":"Buscamos distribuidores con experiencia Buscamos distribuidores en todo el mundo que tengan experiencia en algunos de los siguientes campos del mercado: &#8211; Equipos de extracci\u00f3n de humos de soldadura &#8211; Equipos de extracci\u00f3n de neblina de aceite &#8211; Brazos de extracci\u00f3n para la industria qu\u00edmica, farmac\u00e9utica y alimentaria &#8211; Equipos de extracci\u00f3n de gases de [&hellip;]","og_url":"https:\/\/plymoth.com\/es\/distribuidores\/","og_site_name":"Plymoth","article_publisher":"https:\/\/www.facebook.com\/jplymoth","article_modified_time":"2025-09-09T15:32:51+00:00","og_image":[{"url":"http:\/\/plymoth.com\/wp-content\/uploads\/2016\/10\/jan.jpg"}],"twitter_card":"summary_large_image","twitter_misc":{"Tiempo de lectura":"1 minuto"},"schema":{"@context":"https:\/\/schema.org","@graph":[{"@type":"WebPage","@id":"https:\/\/plymoth.com\/es\/distribuidores\/","url":"https:\/\/plymoth.com\/es\/distribuidores\/","name":"Distribuidores - Plymoth","isPartOf":{"@id":"https:\/\/plymoth.com\/es\/#website"},"primaryImageOfPage":{"@id":"https:\/\/plymoth.com\/es\/distribuidores\/#primaryimage"},"image":{"@id":"https:\/\/plymoth.com\/es\/distribuidores\/#primaryimage"},"thumbnailUrl":"http:\/\/plymoth.com\/wp-content\/uploads\/2016\/10\/jan.jpg","datePublished":"2016-10-04T10:17:18+00:00","dateModified":"2025-09-09T15:32:51+00:00","breadcrumb":{"@id":"https:\/\/plymoth.com\/es\/distribuidores\/#breadcrumb"},"inLanguage":"es","potentialAction":[{"@type":"ReadAction","target":["https:\/\/plymoth.com\/es\/distribuidores\/"]}]},{"@type":"ImageObject","inLanguage":"es","@id":"https:\/\/plymoth.com\/es\/distribuidores\/#primaryimage","url":"http:\/\/plymoth.com\/wp-content\/uploads\/2016\/10\/jan.jpg","contentUrl":"http:\/\/plymoth.com\/wp-content\/uploads\/2016\/10\/jan.jpg"},{"@type":"BreadcrumbList","@id":"https:\/\/plymoth.com\/es\/distribuidores\/#breadcrumb","itemListElement":[{"@type":"ListItem","position":1,"name":"Home","item":"https:\/\/plymoth.com\/es\/"},{"@type":"ListItem","position":2,"name":"Distribuidores"}]},{"@type":"WebSite","@id":"https:\/\/plymoth.com\/es\/#website","url":"https:\/\/plymoth.com\/es\/","name":"Plymoth","description":"Dust, Fume Extractors and Oil Mist Collectors","publisher":{"@id":"https:\/\/plymoth.com\/es\/#organization"},"potentialAction":[{"@type":"SearchAction","target":{"@type":"EntryPoint","urlTemplate":"https:\/\/plymoth.com\/es\/?s={search_term_string}"},"query-input":"required name=search_term_string"}],"inLanguage":"es"},{"@type":"Organization","@id":"https:\/\/plymoth.com\/es\/#organization","name":"Plymoth","url":"https:\/\/plymoth.com\/es\/","logo":{"@type":"ImageObject","inLanguage":"es","@id":"https:\/\/plymoth.com\/es\/#\/schema\/logo\/image\/","url":"https:\/\/plymoth.com\/wp-content\/uploads\/2022\/09\/plymoth_original_CMYK.png","contentUrl":"https:\/\/plymoth.com\/wp-content\/uploads\/2022\/09\/plymoth_original_CMYK.png","width":933,"height":195,"caption":"Plymoth"},"image":{"@id":"https:\/\/plymoth.com\/es\/#\/schema\/logo\/image\/"},"sameAs":["https:\/\/www.facebook.com\/jplymoth"]}]}},"_links":{"self":[{"href":"https:\/\/plymoth.com\/es\/wp-json\/wp\/v2\/pages\/5145","targetHints":{"allow":["GET"]}}],"collection":[{"href":"https:\/\/plymoth.com\/es\/wp-json\/wp\/v2\/pages"}],"about":[{"href":"https:\/\/plymoth.com\/es\/wp-json\/wp\/v2\/types\/page"}],"author":[{"embeddable":true,"href":"https:\/\/plymoth.com\/es\/wp-json\/wp\/v2\/users\/3"}],"replies":[{"embeddable":true,"href":"https:\/\/plymoth.com\/es\/wp-json\/wp\/v2\/comments?post=5145"}],"version-history":[{"count":5,"href":"https:\/\/plymoth.com\/es\/wp-json\/wp\/v2\/pages\/5145\/revisions"}],"predecessor-version":[{"id":7338,"href":"https:\/\/plymoth.com\/es\/wp-json\/wp\/v2\/pages\/5145\/revisions\/7338"}],"wp:attachment":[{"href":"https:\/\/plymoth.com\/es\/wp-json\/wp\/v2\/media?parent=5145"}],"curies":[{"name":"wp","href":"https:\/\/api.w.org\/{rel}","templated":true}]}}