{"id":5135,"date":"2024-02-04T00:39:59","date_gmt":"2024-02-03T23:39:59","guid":{"rendered":"https:\/\/plymoth.com\/politica-de-privacidad\/"},"modified":"2024-10-08T09:57:19","modified_gmt":"2024-10-08T07:57:19","slug":"politica-de-privacidad","status":"publish","type":"page","link":"https:\/\/plymoth.com\/es\/politica-de-privacidad\/","title":{"rendered":"Pol\u00edtica de privacidad"},"content":{"rendered":"<p>J.Plymoth AB de Traryd es el responsable del tratamiento de los datos personales descritos en esta pol\u00edtica de privacidad.<br \/>\nEn esta pol\u00edtica de privacidad, explicamos los tipos de datos personales que almacenamos y c\u00f3mo los procesamos.<br \/>\nEsta pol\u00edtica de privacidad se aplica a: https: <a href=\"\" target=\"\" rel=\"noopener\" data-saferedirecturl=\"\"> \/\/plymoth.com\/.<\/a><br \/>\nTen en cuenta que J. Plymoth AB s\u00f3lo vende a empresas y organizaciones, nunca a particulares.<br \/>\nEl Reglamento de Protecci\u00f3n de Datos es el t\u00e9rmino sueco para GDPR (Reglamento General de Protecci\u00f3n de Datos), que entr\u00f3 en vigor el 25 de mayo de 2018, y es el marco aplicable para el tratamiento de datos personales.   <\/p>\n<p><b><u>Datos personales que recogemos y tratamos<\/u><\/b><\/p>\n<p>Tratamos las siguientes categor\u00edas de datos personales:<\/p>\n<ul style=\"font-weight: 400;\">\n<li><strong>Informaci\u00f3n b\u00e1sica sobre los empleados:<\/strong> Nombre, fecha de nacimiento, relaci\u00f3n laboral.<\/li>\n<li><strong>Informaci\u00f3n b\u00e1sica sobre los clientes: <\/strong>Nombre, empresa.<\/li>\n<li><strong>Informaci\u00f3n de contacto:<\/strong> Direcci\u00f3n, n\u00famero de tel\u00e9fono, direcci\u00f3n de correo electr\u00f3nico.<\/li>\n<li><strong>Informaci\u00f3n de cuenta y perfil:<\/strong> Ajustes, preferencias.<\/li>\n<li><strong>Informaci\u00f3n de pago:<\/strong> Informaci\u00f3n de la transacci\u00f3n, m\u00e9todos de pago.<\/li>\n<li><strong>Historial y compromiso del cliente:<\/strong> Informaci\u00f3n sobre pedidos y entregas, c\u00f3digos de descuento.<\/li>\n<li><strong>Acuerdos activos y anteriores.<\/strong><\/li>\n<li><strong>Actividad de los clientes:<\/strong> Historial de lecturas y acciones de las comunicaciones electr\u00f3nicas que enviamos.<\/li>\n<li><strong>Las cookies:<\/strong> Nuestro sitio web no utiliza cookies.<\/li>\n<\/ul>\n<p>Por lo general, los datos personales se obtienen directamente de ti o se generan cuando utilizas nuestros servicios y productos. No recuperamos datos personales de otras fuentes. <\/p>\n<p><b><u>C\u00f3mo utilizamos los datos personales<\/u><\/b><\/p>\n<p><b>Prestaci\u00f3n de servicios\/contratos<\/b><\/p>\n<p>Utilizamos tus datos personales para cumplir nuestros acuerdos contigo, es decir, cuando nos has encargado un producto o servicio. La base jur\u00eddica para procesar datos personales con este fin es que el procesamiento es necesario para cumplir un contrato contigo. <\/p>\n<p><b>Gesti\u00f3n de las relaciones con los clientes<\/b><\/p>\n<p>Utilizamos tus datos personales para gestionar nuestra relaci\u00f3n de cliente contigo. Esto puede incluir el servicio de atenci\u00f3n al cliente, la gesti\u00f3n de reclamaciones y la resoluci\u00f3n de problemas relacionados con tu cuenta. La base jur\u00eddica para procesar datos personales con este fin es que el procesamiento es necesario para cumplir un contrato contigo. An\u00e1lisis, desarrollo empresarial y mejora del servicio Trabajamos continuamente para desarrollar y mejorar nuestros servicios y productos. Gran parte de este trabajo implica el an\u00e1lisis de diversas formas de datos personales, como la actividad de los clientes, su historial y la informaci\u00f3n de sus cuentas y perfiles. La base jur\u00eddica para el tratamiento de datos personales con este fin es nuestro inter\u00e9s leg\u00edtimo.  <\/p>\n<p><b>Experiencia de usuario personalizada<\/b><\/p>\n<p>Adaptamos la experiencia del usuario y la comunicaci\u00f3n a tu relaci\u00f3n con el cliente, utilizando datos personales para este fin. La base jur\u00eddica para el tratamiento de datos personales con este fin es nuestro inter\u00e9s leg\u00edtimo. No se realiza ning\u00fan seguimiento ni grabaci\u00f3n de las llamadas telef\u00f3nicas.  <\/p>\n<p><b>Ventas y marketing<\/b><\/p>\n<p>Utilizamos datos personales en relaci\u00f3n con la venta y el marketing de nuestros productos y servicios, por ejemplo mediante comunicaciones por correo electr\u00f3nico. La base jur\u00eddica para el tratamiento de datos personales con este fin es nuestro inter\u00e9s leg\u00edtimo. Tienes la opci\u00f3n de rechazar parte de este tratamiento, por ejemplo, dejando de recibir nuestros correos electr\u00f3nicos.  <\/p>\n<p><b>Supervisi\u00f3n del sistema, soluci\u00f3n de problemas, etc.<\/b><\/p>\n<p>Supervisamos nuestros sistemas para detectar errores y problemas. Algunos de estos procesos implican el almacenamiento y tratamiento de datos personales. La base jur\u00eddica para el tratamiento de datos personales con este fin es nuestro inter\u00e9s leg\u00edtimo. Seguridad, detecci\u00f3n de fraudes y actividades delictivas Procesamos datos personales en nuestros esfuerzos por proteger a nuestros usuarios y a nosotros mismos contra fraudes, usos indebidos y actividades delictivas.  <\/p>\n<p><b>Almacenamiento de datos<\/b><\/p>\n<p>Todos los datos personales y la informaci\u00f3n asociada son propiedad de J.Plymoth AB y no se divulgan ni se venden. Damos prioridad al m\u00e1s alto nivel de seguridad para el almacenamiento y tratamiento de estos datos. Los datos personales se almacenan mientras seas cliente nuestro. De lo contrario, se aplican los plazos de archivo prescritos por las autoridades.   <\/p>\n<p><b>Cumplimiento de las obligaciones legales<\/b><\/p>\n<p>En algunos casos, estamos obligados a procesar datos personales debido a otras obligaciones legales. Un ejemplo de ello es la informaci\u00f3n relacionada con las ventas, que estamos obligados a registrar y guardar de acuerdo con las leyes contables. La base legal para procesar datos personales con este fin es que el procesamiento es necesario para cumplir una obligaci\u00f3n legal que se nos ha impuesto.  <\/p>\n<p><b>Tus derechos<\/b><\/p>\n<p>Si quieres ejercer alguno de tus derechos, ponte en contacto con nosotros en <a> thomas@plymoth.com.<\/a><\/p>\n<p><b>Derecho a acceder a tus propios datos<\/b><\/p>\n<p>Puedes solicitar una copia de todos los datos que procesamos sobre ti. Ponte en contacto con la direcci\u00f3n de correo electr\u00f3nico anterior para ejercer tu derecho de acceso. <\/p>\n<p><b>Derecho de rectificaci\u00f3n de datos personales<\/b><\/p>\n<p>Tienes derecho a solicitar que corrijamos o complementemos los datos que sean incorrectos o enga\u00f1osos.<\/p>\n<p><b>Derecho a la supresi\u00f3n de datos personales<\/b><\/p>\n<p>Tienes derecho a que borremos tus datos personales sin demora indebida. Puedes solicitar que borremos tus datos en cualquier momento. Ten en cuenta que la informaci\u00f3n que estamos obligados a conservar debido a otras obligaciones legales (como la Ley de Contabilidad) no se borrar\u00e1.  <\/p>\n<p><b>Restricci\u00f3n del tratamiento de datos personales<\/b><\/p>\n<p>En determinadas situaciones, tambi\u00e9n puedes solicitar que restrinjamos el tratamiento de tus datos. Puedes hacerlo gestionando consentimientos o reservas en nuestras soluciones. <\/p>\n<p><b>Oposici\u00f3n al tratamiento de datos personales<\/b><\/p>\n<p>Si procesamos datos sobre ti bas\u00e1ndonos en nuestros datos o en una ponderaci\u00f3n de intereses, tienes derecho a oponerte a que procesemos datos sobre ti. Puedes hacerlo gestionando consentimientos o reservas en nuestras soluciones. <\/p>\n<p><b>Portabilidad de los datos<\/b><\/p>\n<p>Tienes derecho a recibir tus datos personales en un formato estructurado, de uso com\u00fan y lectura mec\u00e1nica. Ponte en contacto con la direcci\u00f3n de correo electr\u00f3nico anterior para obtener tus datos personales. <\/p>\n<p><b>Puedes reclamar sobre nuestro tratamiento de datos personales<\/b><\/p>\n<p>Esperamos que nos informes si crees que no estamos siguiendo las normas de la Ley de Datos Personales. Por favor, h\u00e1znoslo saber primero a trav\u00e9s del contacto o canal que ya hayas establecido con nosotros. Tambi\u00e9n puedes presentar una queja sobre nuestro tratamiento de datos personales ante la Autoridad Sueca de Protecci\u00f3n de Datos (IMY). Traryd, 1 de febrero de 2024 Jenni Nilsson CEO, J.Plymoth AB  <\/p>\n","protected":false},"excerpt":{"rendered":"<p>J.Plymoth AB de Traryd es el responsable del tratamiento de los datos personales descritos en esta pol\u00edtica de privacidad. En esta pol\u00edtica de privacidad, explicamos los tipos de datos personales que almacenamos y c\u00f3mo los procesamos. Esta pol\u00edtica de privacidad se aplica a: https: \/\/plymoth.com\/. Ten en cuenta que J. Plymoth AB s\u00f3lo vende a [&hellip;]<\/p>\n","protected":false},"author":3,"featured_media":0,"parent":0,"menu_order":0,"comment_status":"closed","ping_status":"closed","template":"","meta":{"footnotes":""},"class_list":["post-5135","page","type-page","status-publish","hentry"],"acf":[],"yoast_head":"<!-- This site is optimized with the Yoast SEO plugin v22.4 - https:\/\/yoast.com\/wordpress\/plugins\/seo\/ -->\n<title>Pol\u00edtica de privacidad - Plymoth<\/title>\n<meta name=\"robots\" content=\"index, follow, max-snippet:-1, max-image-preview:large, max-video-preview:-1\" \/>\n<link rel=\"canonical\" href=\"https:\/\/plymoth.com\/es\/politica-de-privacidad\/\" \/>\n<meta property=\"og:locale\" content=\"es_ES\" \/>\n<meta property=\"og:type\" content=\"article\" \/>\n<meta property=\"og:title\" content=\"Pol\u00edtica de privacidad - Plymoth\" \/>\n<meta property=\"og:description\" content=\"J.Plymoth AB de Traryd es el responsable del tratamiento de los datos personales descritos en esta pol\u00edtica de privacidad. En esta pol\u00edtica de privacidad, explicamos los tipos de datos personales que almacenamos y c\u00f3mo los procesamos. Esta pol\u00edtica de privacidad se aplica a: https: \/\/plymoth.com\/. Ten en cuenta que J. Plymoth AB s\u00f3lo vende a [&hellip;]\" \/>\n<meta property=\"og:url\" content=\"https:\/\/plymoth.com\/es\/politica-de-privacidad\/\" \/>\n<meta property=\"og:site_name\" content=\"Plymoth\" \/>\n<meta property=\"article:publisher\" content=\"https:\/\/www.facebook.com\/jplymoth\" \/>\n<meta property=\"article:modified_time\" content=\"2024-10-08T07:57:19+00:00\" \/>\n<meta name=\"twitter:card\" content=\"summary_large_image\" \/>\n<meta name=\"twitter:label1\" content=\"Tiempo de lectura\" \/>\n\t<meta name=\"twitter:data1\" content=\"6 minutos\" \/>\n<script type=\"application\/ld+json\" class=\"yoast-schema-graph\">{\"@context\":\"https:\/\/schema.org\",\"@graph\":[{\"@type\":\"WebPage\",\"@id\":\"https:\/\/plymoth.com\/es\/politica-de-privacidad\/\",\"url\":\"https:\/\/plymoth.com\/es\/politica-de-privacidad\/\",\"name\":\"Pol\u00edtica de privacidad - Plymoth\",\"isPartOf\":{\"@id\":\"https:\/\/plymoth.com\/es\/#website\"},\"datePublished\":\"2024-02-03T23:39:59+00:00\",\"dateModified\":\"2024-10-08T07:57:19+00:00\",\"breadcrumb\":{\"@id\":\"https:\/\/plymoth.com\/es\/politica-de-privacidad\/#breadcrumb\"},\"inLanguage\":\"es\",\"potentialAction\":[{\"@type\":\"ReadAction\",\"target\":[\"https:\/\/plymoth.com\/es\/politica-de-privacidad\/\"]}]},{\"@type\":\"BreadcrumbList\",\"@id\":\"https:\/\/plymoth.com\/es\/politica-de-privacidad\/#breadcrumb\",\"itemListElement\":[{\"@type\":\"ListItem\",\"position\":1,\"name\":\"Home\",\"item\":\"https:\/\/plymoth.com\/es\/\"},{\"@type\":\"ListItem\",\"position\":2,\"name\":\"Pol\u00edtica de privacidad\"}]},{\"@type\":\"WebSite\",\"@id\":\"https:\/\/plymoth.com\/es\/#website\",\"url\":\"https:\/\/plymoth.com\/es\/\",\"name\":\"Plymoth\",\"description\":\"Dust, Fume Extractors and Oil Mist Collectors\",\"publisher\":{\"@id\":\"https:\/\/plymoth.com\/es\/#organization\"},\"potentialAction\":[{\"@type\":\"SearchAction\",\"target\":{\"@type\":\"EntryPoint\",\"urlTemplate\":\"https:\/\/plymoth.com\/es\/?s={search_term_string}\"},\"query-input\":\"required name=search_term_string\"}],\"inLanguage\":\"es\"},{\"@type\":\"Organization\",\"@id\":\"https:\/\/plymoth.com\/es\/#organization\",\"name\":\"Plymoth\",\"url\":\"https:\/\/plymoth.com\/es\/\",\"logo\":{\"@type\":\"ImageObject\",\"inLanguage\":\"es\",\"@id\":\"https:\/\/plymoth.com\/es\/#\/schema\/logo\/image\/\",\"url\":\"https:\/\/plymoth.com\/wp-content\/uploads\/2022\/09\/plymoth_original_CMYK.png\",\"contentUrl\":\"https:\/\/plymoth.com\/wp-content\/uploads\/2022\/09\/plymoth_original_CMYK.png\",\"width\":933,\"height\":195,\"caption\":\"Plymoth\"},\"image\":{\"@id\":\"https:\/\/plymoth.com\/es\/#\/schema\/logo\/image\/\"},\"sameAs\":[\"https:\/\/www.facebook.com\/jplymoth\"]}]}<\/script>\n<!-- \/ Yoast SEO plugin. -->","yoast_head_json":{"title":"Pol\u00edtica de privacidad - Plymoth","robots":{"index":"index","follow":"follow","max-snippet":"max-snippet:-1","max-image-preview":"max-image-preview:large","max-video-preview":"max-video-preview:-1"},"canonical":"https:\/\/plymoth.com\/es\/politica-de-privacidad\/","og_locale":"es_ES","og_type":"article","og_title":"Pol\u00edtica de privacidad - Plymoth","og_description":"J.Plymoth AB de Traryd es el responsable del tratamiento de los datos personales descritos en esta pol\u00edtica de privacidad. En esta pol\u00edtica de privacidad, explicamos los tipos de datos personales que almacenamos y c\u00f3mo los procesamos. Esta pol\u00edtica de privacidad se aplica a: https: \/\/plymoth.com\/. Ten en cuenta que J. Plymoth AB s\u00f3lo vende a [&hellip;]","og_url":"https:\/\/plymoth.com\/es\/politica-de-privacidad\/","og_site_name":"Plymoth","article_publisher":"https:\/\/www.facebook.com\/jplymoth","article_modified_time":"2024-10-08T07:57:19+00:00","twitter_card":"summary_large_image","twitter_misc":{"Tiempo de lectura":"6 minutos"},"schema":{"@context":"https:\/\/schema.org","@graph":[{"@type":"WebPage","@id":"https:\/\/plymoth.com\/es\/politica-de-privacidad\/","url":"https:\/\/plymoth.com\/es\/politica-de-privacidad\/","name":"Pol\u00edtica de privacidad - Plymoth","isPartOf":{"@id":"https:\/\/plymoth.com\/es\/#website"},"datePublished":"2024-02-03T23:39:59+00:00","dateModified":"2024-10-08T07:57:19+00:00","breadcrumb":{"@id":"https:\/\/plymoth.com\/es\/politica-de-privacidad\/#breadcrumb"},"inLanguage":"es","potentialAction":[{"@type":"ReadAction","target":["https:\/\/plymoth.com\/es\/politica-de-privacidad\/"]}]},{"@type":"BreadcrumbList","@id":"https:\/\/plymoth.com\/es\/politica-de-privacidad\/#breadcrumb","itemListElement":[{"@type":"ListItem","position":1,"name":"Home","item":"https:\/\/plymoth.com\/es\/"},{"@type":"ListItem","position":2,"name":"Pol\u00edtica de privacidad"}]},{"@type":"WebSite","@id":"https:\/\/plymoth.com\/es\/#website","url":"https:\/\/plymoth.com\/es\/","name":"Plymoth","description":"Dust, Fume Extractors and Oil Mist Collectors","publisher":{"@id":"https:\/\/plymoth.com\/es\/#organization"},"potentialAction":[{"@type":"SearchAction","target":{"@type":"EntryPoint","urlTemplate":"https:\/\/plymoth.com\/es\/?s={search_term_string}"},"query-input":"required name=search_term_string"}],"inLanguage":"es"},{"@type":"Organization","@id":"https:\/\/plymoth.com\/es\/#organization","name":"Plymoth","url":"https:\/\/plymoth.com\/es\/","logo":{"@type":"ImageObject","inLanguage":"es","@id":"https:\/\/plymoth.com\/es\/#\/schema\/logo\/image\/","url":"https:\/\/plymoth.com\/wp-content\/uploads\/2022\/09\/plymoth_original_CMYK.png","contentUrl":"https:\/\/plymoth.com\/wp-content\/uploads\/2022\/09\/plymoth_original_CMYK.png","width":933,"height":195,"caption":"Plymoth"},"image":{"@id":"https:\/\/plymoth.com\/es\/#\/schema\/logo\/image\/"},"sameAs":["https:\/\/www.facebook.com\/jplymoth"]}]}},"_links":{"self":[{"href":"https:\/\/plymoth.com\/es\/wp-json\/wp\/v2\/pages\/5135","targetHints":{"allow":["GET"]}}],"collection":[{"href":"https:\/\/plymoth.com\/es\/wp-json\/wp\/v2\/pages"}],"about":[{"href":"https:\/\/plymoth.com\/es\/wp-json\/wp\/v2\/types\/page"}],"author":[{"embeddable":true,"href":"https:\/\/plymoth.com\/es\/wp-json\/wp\/v2\/users\/3"}],"replies":[{"embeddable":true,"href":"https:\/\/plymoth.com\/es\/wp-json\/wp\/v2\/comments?post=5135"}],"version-history":[{"count":3,"href":"https:\/\/plymoth.com\/es\/wp-json\/wp\/v2\/pages\/5135\/revisions"}],"predecessor-version":[{"id":6957,"href":"https:\/\/plymoth.com\/es\/wp-json\/wp\/v2\/pages\/5135\/revisions\/6957"}],"wp:attachment":[{"href":"https:\/\/plymoth.com\/es\/wp-json\/wp\/v2\/media?parent=5135"}],"curies":[{"name":"wp","href":"https:\/\/api.w.org\/{rel}","templated":true}]}}