{"id":5118,"date":"2016-10-04T12:16:48","date_gmt":"2016-10-04T10:16:48","guid":{"rendered":"https:\/\/plymoth.com\/acerca-de\/"},"modified":"2025-09-10T08:41:16","modified_gmt":"2025-09-10T06:41:16","slug":"acerca-de","status":"publish","type":"page","link":"https:\/\/plymoth.com\/es\/acerca-de\/","title":{"rendered":"Acerca de"},"content":{"rendered":"<p id=\"u1609-2\">J. Plymoth es el proveedor sueco de productos y sistemas medioambientales para la limpieza del aire.<br \/>\nDurante m\u00e1s de 40 a\u00f1os, Plymoth ha desarrollado y mejorado la tecnolog\u00eda de cuidado del aire capturando los contaminantes atmosf\u00e9ricos en origen, filtrando y reciclando el aire.<br \/>\nLa sede central, la I+D y la fabricaci\u00f3n principal est\u00e1n en Suecia.<br \/>\nEn 2007 se construy\u00f3 una nueva planta de montaje en Shanghai (China) para el mercado chino.<\/p>\n<p id=\"u1609-8\">La gran conciencia medioambiental de Escandinavia, combinada con la estricta legislaci\u00f3n sobre espacios de trabajo en Europa, ha sido la fuerza motriz para el desarrollo de productos de alta calidad y soluciones de sistemas de alta eficiencia.<\/p>\n<p id=\"u1609-11\">Hoy es bien sabido que un buen entorno de trabajo significa un personal m\u00e1s sano, pero tambi\u00e9n m\u00e1s seguro y una mejor calidad de la producci\u00f3n, mayor eficacia y ecolog\u00eda; una empresa con un buen entorno de trabajo es un lugar de trabajo atractivo.<\/p>\n<p id=\"u1609-14\">Las soluciones medioambientales de Plymoth contribuyen a un menor consumo de energ\u00eda en el proceso de fabricaci\u00f3n, a la reducci\u00f3n de las emisiones de la f\u00e1brica y, en consecuencia, a un menor impacto medioambiental.<\/p>\n<p>&nbsp;<\/p>\n<h2>F\u00e1brica<\/h2>\n<p><span class=\"s1\">La planta de fabricaci\u00f3n tiene m\u00e1s de 95.000 pies cuadrados equipados con modernas y eficientes m\u00e1quinas de corte por l\u00e1ser Trumpf, prensas plegadoras Weinbrenner, departamentos de soldadura con manipuladores, planta de pintura en polvo totalmente autom\u00e1tica con rob\u00f3tica (900 m<\/span><span class=\"s2\">2<\/span><span class=\"s1\">) y departamentos de montaje bien equipados.<br \/>\nLa cualificada mano de obra de Plymoth crea productos de alta calidad e ingenier\u00eda de precisi\u00f3n a precios competitivos. <\/span><\/p>\n<p><img loading=\"lazy\" decoding=\"async\" width=\"507\" height=\"217\" class=\"alignnone size-full wp-image-45\" src=\"http:\/\/plymoth.com\/wp-content\/uploads\/2016\/10\/plymoth-factory.png\" alt=\"f\u00e1brica de contrachapado\" srcset=\"https:\/\/plymoth.com\/wp-content\/uploads\/2016\/10\/plymoth-factory.png 507w, https:\/\/plymoth.com\/wp-content\/uploads\/2016\/10\/plymoth-factory-300x128.png 300w\" sizes=\"auto, (max-width: 507px) 100vw, 507px\" \/><\/p>\n","protected":false},"excerpt":{"rendered":"<p>J. Plymoth es el proveedor sueco de productos y sistemas medioambientales para la limpieza del aire. Durante m\u00e1s de 40 a\u00f1os, Plymoth ha desarrollado y mejorado la tecnolog\u00eda de cuidado del aire capturando los contaminantes atmosf\u00e9ricos en origen, filtrando y reciclando el aire. La sede central, la I+D y la fabricaci\u00f3n principal est\u00e1n en Suecia. [&hellip;]<\/p>\n","protected":false},"author":3,"featured_media":0,"parent":0,"menu_order":0,"comment_status":"closed","ping_status":"closed","template":"","meta":{"footnotes":""},"class_list":["post-5118","page","type-page","status-publish","hentry"],"acf":[],"yoast_head":"<!-- This site is optimized with the Yoast SEO plugin v22.4 - https:\/\/yoast.com\/wordpress\/plugins\/seo\/ -->\n<title>Acerca de - Plymoth<\/title>\n<meta name=\"robots\" content=\"index, follow, max-snippet:-1, max-image-preview:large, max-video-preview:-1\" \/>\n<link rel=\"canonical\" href=\"https:\/\/plymoth.com\/es\/acerca-de\/\" \/>\n<meta property=\"og:locale\" content=\"es_ES\" \/>\n<meta property=\"og:type\" content=\"article\" \/>\n<meta property=\"og:title\" content=\"Acerca de - Plymoth\" \/>\n<meta property=\"og:description\" content=\"J. Plymoth es el proveedor sueco de productos y sistemas medioambientales para la limpieza del aire. Durante m\u00e1s de 40 a\u00f1os, Plymoth ha desarrollado y mejorado la tecnolog\u00eda de cuidado del aire capturando los contaminantes atmosf\u00e9ricos en origen, filtrando y reciclando el aire. La sede central, la I+D y la fabricaci\u00f3n principal est\u00e1n en Suecia. [&hellip;]\" \/>\n<meta property=\"og:url\" content=\"https:\/\/plymoth.com\/es\/acerca-de\/\" \/>\n<meta property=\"og:site_name\" content=\"Plymoth\" \/>\n<meta property=\"article:publisher\" content=\"https:\/\/www.facebook.com\/jplymoth\" \/>\n<meta property=\"article:modified_time\" content=\"2025-09-10T06:41:16+00:00\" \/>\n<meta property=\"og:image\" content=\"http:\/\/plymoth.com\/wp-content\/uploads\/2016\/10\/plymoth-factory.png\" \/>\n<meta name=\"twitter:card\" content=\"summary_large_image\" \/>\n<meta name=\"twitter:label1\" content=\"Tiempo de lectura\" \/>\n\t<meta name=\"twitter:data1\" content=\"2 minutos\" \/>\n<script type=\"application\/ld+json\" class=\"yoast-schema-graph\">{\"@context\":\"https:\/\/schema.org\",\"@graph\":[{\"@type\":\"WebPage\",\"@id\":\"https:\/\/plymoth.com\/es\/acerca-de\/\",\"url\":\"https:\/\/plymoth.com\/es\/acerca-de\/\",\"name\":\"Acerca de - Plymoth\",\"isPartOf\":{\"@id\":\"https:\/\/plymoth.com\/es\/#website\"},\"primaryImageOfPage\":{\"@id\":\"https:\/\/plymoth.com\/es\/acerca-de\/#primaryimage\"},\"image\":{\"@id\":\"https:\/\/plymoth.com\/es\/acerca-de\/#primaryimage\"},\"thumbnailUrl\":\"http:\/\/plymoth.com\/wp-content\/uploads\/2016\/10\/plymoth-factory.png\",\"datePublished\":\"2016-10-04T10:16:48+00:00\",\"dateModified\":\"2025-09-10T06:41:16+00:00\",\"breadcrumb\":{\"@id\":\"https:\/\/plymoth.com\/es\/acerca-de\/#breadcrumb\"},\"inLanguage\":\"es\",\"potentialAction\":[{\"@type\":\"ReadAction\",\"target\":[\"https:\/\/plymoth.com\/es\/acerca-de\/\"]}]},{\"@type\":\"ImageObject\",\"inLanguage\":\"es\",\"@id\":\"https:\/\/plymoth.com\/es\/acerca-de\/#primaryimage\",\"url\":\"http:\/\/plymoth.com\/wp-content\/uploads\/2016\/10\/plymoth-factory.png\",\"contentUrl\":\"http:\/\/plymoth.com\/wp-content\/uploads\/2016\/10\/plymoth-factory.png\"},{\"@type\":\"BreadcrumbList\",\"@id\":\"https:\/\/plymoth.com\/es\/acerca-de\/#breadcrumb\",\"itemListElement\":[{\"@type\":\"ListItem\",\"position\":1,\"name\":\"Home\",\"item\":\"https:\/\/plymoth.com\/es\/\"},{\"@type\":\"ListItem\",\"position\":2,\"name\":\"Acerca de\"}]},{\"@type\":\"WebSite\",\"@id\":\"https:\/\/plymoth.com\/es\/#website\",\"url\":\"https:\/\/plymoth.com\/es\/\",\"name\":\"Plymoth\",\"description\":\"Dust, Fume Extractors and Oil Mist Collectors\",\"publisher\":{\"@id\":\"https:\/\/plymoth.com\/es\/#organization\"},\"potentialAction\":[{\"@type\":\"SearchAction\",\"target\":{\"@type\":\"EntryPoint\",\"urlTemplate\":\"https:\/\/plymoth.com\/es\/?s={search_term_string}\"},\"query-input\":\"required name=search_term_string\"}],\"inLanguage\":\"es\"},{\"@type\":\"Organization\",\"@id\":\"https:\/\/plymoth.com\/es\/#organization\",\"name\":\"Plymoth\",\"url\":\"https:\/\/plymoth.com\/es\/\",\"logo\":{\"@type\":\"ImageObject\",\"inLanguage\":\"es\",\"@id\":\"https:\/\/plymoth.com\/es\/#\/schema\/logo\/image\/\",\"url\":\"https:\/\/plymoth.com\/wp-content\/uploads\/2022\/09\/plymoth_original_CMYK.png\",\"contentUrl\":\"https:\/\/plymoth.com\/wp-content\/uploads\/2022\/09\/plymoth_original_CMYK.png\",\"width\":933,\"height\":195,\"caption\":\"Plymoth\"},\"image\":{\"@id\":\"https:\/\/plymoth.com\/es\/#\/schema\/logo\/image\/\"},\"sameAs\":[\"https:\/\/www.facebook.com\/jplymoth\"]}]}<\/script>\n<!-- \/ Yoast SEO plugin. -->","yoast_head_json":{"title":"Acerca de - Plymoth","robots":{"index":"index","follow":"follow","max-snippet":"max-snippet:-1","max-image-preview":"max-image-preview:large","max-video-preview":"max-video-preview:-1"},"canonical":"https:\/\/plymoth.com\/es\/acerca-de\/","og_locale":"es_ES","og_type":"article","og_title":"Acerca de - Plymoth","og_description":"J. Plymoth es el proveedor sueco de productos y sistemas medioambientales para la limpieza del aire. Durante m\u00e1s de 40 a\u00f1os, Plymoth ha desarrollado y mejorado la tecnolog\u00eda de cuidado del aire capturando los contaminantes atmosf\u00e9ricos en origen, filtrando y reciclando el aire. La sede central, la I+D y la fabricaci\u00f3n principal est\u00e1n en Suecia. [&hellip;]","og_url":"https:\/\/plymoth.com\/es\/acerca-de\/","og_site_name":"Plymoth","article_publisher":"https:\/\/www.facebook.com\/jplymoth","article_modified_time":"2025-09-10T06:41:16+00:00","og_image":[{"url":"http:\/\/plymoth.com\/wp-content\/uploads\/2016\/10\/plymoth-factory.png"}],"twitter_card":"summary_large_image","twitter_misc":{"Tiempo de lectura":"2 minutos"},"schema":{"@context":"https:\/\/schema.org","@graph":[{"@type":"WebPage","@id":"https:\/\/plymoth.com\/es\/acerca-de\/","url":"https:\/\/plymoth.com\/es\/acerca-de\/","name":"Acerca de - Plymoth","isPartOf":{"@id":"https:\/\/plymoth.com\/es\/#website"},"primaryImageOfPage":{"@id":"https:\/\/plymoth.com\/es\/acerca-de\/#primaryimage"},"image":{"@id":"https:\/\/plymoth.com\/es\/acerca-de\/#primaryimage"},"thumbnailUrl":"http:\/\/plymoth.com\/wp-content\/uploads\/2016\/10\/plymoth-factory.png","datePublished":"2016-10-04T10:16:48+00:00","dateModified":"2025-09-10T06:41:16+00:00","breadcrumb":{"@id":"https:\/\/plymoth.com\/es\/acerca-de\/#breadcrumb"},"inLanguage":"es","potentialAction":[{"@type":"ReadAction","target":["https:\/\/plymoth.com\/es\/acerca-de\/"]}]},{"@type":"ImageObject","inLanguage":"es","@id":"https:\/\/plymoth.com\/es\/acerca-de\/#primaryimage","url":"http:\/\/plymoth.com\/wp-content\/uploads\/2016\/10\/plymoth-factory.png","contentUrl":"http:\/\/plymoth.com\/wp-content\/uploads\/2016\/10\/plymoth-factory.png"},{"@type":"BreadcrumbList","@id":"https:\/\/plymoth.com\/es\/acerca-de\/#breadcrumb","itemListElement":[{"@type":"ListItem","position":1,"name":"Home","item":"https:\/\/plymoth.com\/es\/"},{"@type":"ListItem","position":2,"name":"Acerca de"}]},{"@type":"WebSite","@id":"https:\/\/plymoth.com\/es\/#website","url":"https:\/\/plymoth.com\/es\/","name":"Plymoth","description":"Dust, Fume Extractors and Oil Mist Collectors","publisher":{"@id":"https:\/\/plymoth.com\/es\/#organization"},"potentialAction":[{"@type":"SearchAction","target":{"@type":"EntryPoint","urlTemplate":"https:\/\/plymoth.com\/es\/?s={search_term_string}"},"query-input":"required name=search_term_string"}],"inLanguage":"es"},{"@type":"Organization","@id":"https:\/\/plymoth.com\/es\/#organization","name":"Plymoth","url":"https:\/\/plymoth.com\/es\/","logo":{"@type":"ImageObject","inLanguage":"es","@id":"https:\/\/plymoth.com\/es\/#\/schema\/logo\/image\/","url":"https:\/\/plymoth.com\/wp-content\/uploads\/2022\/09\/plymoth_original_CMYK.png","contentUrl":"https:\/\/plymoth.com\/wp-content\/uploads\/2022\/09\/plymoth_original_CMYK.png","width":933,"height":195,"caption":"Plymoth"},"image":{"@id":"https:\/\/plymoth.com\/es\/#\/schema\/logo\/image\/"},"sameAs":["https:\/\/www.facebook.com\/jplymoth"]}]}},"_links":{"self":[{"href":"https:\/\/plymoth.com\/es\/wp-json\/wp\/v2\/pages\/5118","targetHints":{"allow":["GET"]}}],"collection":[{"href":"https:\/\/plymoth.com\/es\/wp-json\/wp\/v2\/pages"}],"about":[{"href":"https:\/\/plymoth.com\/es\/wp-json\/wp\/v2\/types\/page"}],"author":[{"embeddable":true,"href":"https:\/\/plymoth.com\/es\/wp-json\/wp\/v2\/users\/3"}],"replies":[{"embeddable":true,"href":"https:\/\/plymoth.com\/es\/wp-json\/wp\/v2\/comments?post=5118"}],"version-history":[{"count":4,"href":"https:\/\/plymoth.com\/es\/wp-json\/wp\/v2\/pages\/5118\/revisions"}],"predecessor-version":[{"id":7345,"href":"https:\/\/plymoth.com\/es\/wp-json\/wp\/v2\/pages\/5118\/revisions\/7345"}],"wp:attachment":[{"href":"https:\/\/plymoth.com\/es\/wp-json\/wp\/v2\/media?parent=5118"}],"curies":[{"name":"wp","href":"https:\/\/api.w.org\/{rel}","templated":true}]}}