{"id":5123,"date":"2024-02-04T00:39:59","date_gmt":"2024-02-03T23:39:59","guid":{"rendered":"https:\/\/plymoth.com\/datenschutzbestimmungen\/"},"modified":"2024-10-04T11:50:46","modified_gmt":"2024-10-04T09:50:46","slug":"datenschutzbestimmungen","status":"publish","type":"page","link":"https:\/\/plymoth.com\/de\/datenschutzbestimmungen\/","title":{"rendered":"Datenschutzbestimmungen"},"content":{"rendered":"<p>J.Plymoth AB in Traryd ist der Datenverantwortliche f\u00fcr die in dieser Datenschutzerkl\u00e4rung beschriebene Verarbeitung personenbezogener Daten.<br \/>\nIn dieser Datenschutzerkl\u00e4rung erl\u00e4utern wir, welche Arten von personenbezogenen Daten wir speichern und wie wir sie verarbeiten.<br \/>\nDiese Datenschutzrichtlinie gilt f\u00fcr: https: <a target=\"\" rel=\"noopener\" data-saferedirecturl=\"\"> \/\/plymoth.com\/.<\/a><br \/>\nBitte beachten Sie, dass J. Plymoth AB nur an Unternehmen und Organisationen verkauft, niemals an Privatpersonen.<br \/>\nDie Datenschutzverordnung ist der schwedische Begriff f\u00fcr GDPR (General Data Protection Regulation), die am 25. Mai 2018 in Kraft getreten ist und den geltenden Rahmen f\u00fcr die Verarbeitung personenbezogener Daten darstellt.<\/p>\n<p><b><u>Personenbezogene Daten, die wir sammeln und verarbeiten<\/u><\/b> Wir verarbeiten die folgenden Kategorien von personenbezogenen Daten:<\/p>\n<ul style=\"font-weight: 400;\">\n<li><strong>Grundlegende Informationen \u00fcber Mitarbeiter:<\/strong> Name, Geburtsdatum, Besch\u00e4ftigungsverh\u00e4ltnis.<\/li>\n<li><strong>Grundlegende Informationen \u00fcber Kunden: <\/strong>Name, Firma.<\/li>\n<li><strong>Kontaktinformationen:<\/strong> Adresse, Telefonnummer, E-Mail Adresse.<\/li>\n<li><strong>Konto- und Profilinformationen:<\/strong> Einstellungen, Pr\u00e4ferenzen.<\/li>\n<li><strong>Zahlungsinformationen:<\/strong> Transaktionsinformationen, Zahlungsarten.<\/li>\n<li><strong>Kundenhistorie und Engagement:<\/strong> Bestell- und Lieferinformationen, Rabattcodes.<\/li>\n<li><strong>Aktive und fr\u00fchere Abkommen.<\/strong><\/li>\n<li><strong>Kundenaktivit\u00e4ten:<\/strong> Lese- und Aktionshistorie von elektronischen Mitteilungen, die wir versenden.<\/li>\n<li><strong>Cookies:<\/strong> Unsere Website verwendet keine Cookies.<\/li>\n<\/ul>\n<p>Pers\u00f6nliche Daten werden in der Regel direkt von Ihnen erhoben oder generiert, wenn Sie unsere Dienstleistungen und Produkte nutzen.<br \/>\nWir rufen keine personenbezogenen Daten aus anderen Quellen ab.<\/p>\n<p><b><u>Wie wir personenbezogene Daten verwenden<\/u><\/b><b>Lieferung von Dienstleistungen\/Vertr\u00e4gen<\/b><\/p>\n<p>Wir verwenden Ihre personenbezogenen Daten, um unsere Vereinbarungen mit Ihnen zu erf\u00fcllen, d.h. wenn Sie ein Produkt oder eine Dienstleistung bei uns bestellt haben.<br \/>\nDie Rechtsgrundlage f\u00fcr die Verarbeitung personenbezogener Daten zu diesem Zweck ist, dass die Verarbeitung erforderlich ist, um einen Vertrag mit Ihnen zu erf\u00fcllen.<\/p>\n<p><b>Verwaltung von Kundenbeziehungen<\/b><\/p>\n<p>Wir verwenden Ihre personenbezogenen Daten, um unsere Kundenbeziehung mit Ihnen zu verwalten.<br \/>\nDies kann den Kundendienst, die Bearbeitung von Beschwerden und die Fehlerbehebung in Bezug auf Ihr Konto umfassen.<br \/>\nDie Rechtsgrundlage f\u00fcr die Verarbeitung personenbezogener Daten zu diesem Zweck ist, dass die Verarbeitung erforderlich ist, um einen Vertrag mit Ihnen zu erf\u00fcllen.<br \/>\nAnalyse, Gesch\u00e4ftsentwicklung und Verbesserung der Dienstleistungen Wir arbeiten kontinuierlich an der Entwicklung und Verbesserung unserer Dienstleistungen und Produkte.<br \/>\nEin Gro\u00dfteil dieser Arbeit beinhaltet die Analyse verschiedener Formen von personenbezogenen Daten, wie z.B. Kundenaktivit\u00e4ten, Kundenhistorie sowie Konto- und Profilinformationen.<br \/>\nDie Rechtsgrundlage f\u00fcr die Verarbeitung personenbezogener Daten zu diesem Zweck ist unser berechtigtes Interesse.<\/p>\n<p><b>Individuelles Benutzererlebnis<\/b><\/p>\n<p>Wir passen das Benutzererlebnis und die Kommunikation auf Ihre Kundenbeziehung an und verwenden zu diesem Zweck personenbezogene Daten.<br \/>\nDie Rechtsgrundlage f\u00fcr die Verarbeitung personenbezogener Daten zu diesem Zweck ist unser berechtigtes Interesse.<br \/>\nEine \u00dcberwachung oder Aufzeichnung von Telefongespr\u00e4chen findet nicht statt.<\/p>\n<p><b>Verkauf und Marketing<\/b><\/p>\n<p>Wir verwenden personenbezogene Daten im Zusammenhang mit dem Verkauf und dem Marketing unserer Produkte und Dienstleistungen, z.B. durch E-Mail-Kommunikation.<br \/>\nDie Rechtsgrundlage f\u00fcr die Verarbeitung personenbezogener Daten zu diesem Zweck ist unser berechtigtes Interesse.<br \/>\nSie haben die M\u00f6glichkeit, Teile dieser Verarbeitung abzulehnen, indem Sie beispielsweise keine E-Mails mehr von uns erhalten m\u00f6chten.<\/p>\n<p><b>System\u00fcberwachung, Fehlerbehebung, usw.<\/b><\/p>\n<p>Wir \u00fcberwachen unsere Systeme auf Fehler und Probleme.<br \/>\nEinige dieser Prozesse beinhalten die Speicherung und Verarbeitung von personenbezogenen Daten.<br \/>\nDie Rechtsgrundlage f\u00fcr die Verarbeitung personenbezogener Daten zu diesem Zweck ist unser berechtigtes Interesse.<br \/>\nSicherheit, Aufdeckung von Betrug und kriminellen Aktivit\u00e4ten Wir verarbeiten personenbezogene Daten in unserem Bem\u00fchen, unsere Nutzer und uns selbst vor Betrug, Missbrauch und kriminellen Aktivit\u00e4ten zu sch\u00fctzen.<\/p>\n<p><b>Datenspeicherung<\/b><\/p>\n<p>Alle pers\u00f6nlichen Daten und damit verbundenen Informationen sind Eigentum von J.Plymoth AB und werden nicht weitergegeben oder verkauft.<br \/>\nBei der Speicherung und Handhabung dieser Daten legen wir gr\u00f6\u00dften Wert auf ein H\u00f6chstma\u00df an Sicherheit.<br \/>\nPers\u00f6nliche Daten werden so lange gespeichert, wie Sie Kunde bei uns sind.<br \/>\nAndernfalls gelten die von den Beh\u00f6rden vorgeschriebenen Archivierungszeiten.<\/p>\n<p><b>Einhaltung gesetzlicher Verpflichtungen<\/b><\/p>\n<p>In einigen F\u00e4llen sind wir aufgrund anderer gesetzlicher Verpflichtungen verpflichtet, personenbezogene Daten zu verarbeiten.<br \/>\nEin Beispiel hierf\u00fcr sind Informationen im Zusammenhang mit Verk\u00e4ufen, die wir gem\u00e4\u00df den Buchhaltungsgesetzen aufzeichnen und speichern m\u00fcssen.<br \/>\nDie Rechtsgrundlage f\u00fcr die Verarbeitung personenbezogener Daten zu diesem Zweck ist, dass die Verarbeitung erforderlich ist, um eine uns auferlegte rechtliche Verpflichtung zu erf\u00fcllen.<\/p>\n<p><b>Ihre Rechte<\/b><\/p>\n<p>Wenn Sie eines Ihrer Rechte aus\u00fcben m\u00f6chten, kontaktieren Sie uns unter <a> thomas@plymoth.com.<\/a><\/p>\n<p><b>Recht auf Zugang zu Ihren eigenen Daten<\/b><\/p>\n<p>Sie k\u00f6nnen eine Kopie aller Daten anfordern, die wir \u00fcber Sie verarbeiten.<br \/>\nWenden Sie sich an die oben genannte E-Mail-Adresse, um Ihr Recht auf Zugang auszu\u00fcben.<\/p>\n<p><b>Recht auf Berichtigung personenbezogener Daten<\/b><\/p>\n<p>Sie haben das Recht, von uns die Berichtigung oder Erg\u00e4nzung von Daten zu verlangen, die falsch oder irref\u00fchrend sind.<\/p>\n<p><b>Recht auf L\u00f6schung personenbezogener Daten<\/b><\/p>\n<p>Sie haben das Recht, dass Ihre personenbezogenen Daten ohne unangemessene Verz\u00f6gerung gel\u00f6scht werden.<br \/>\nSie k\u00f6nnen jederzeit verlangen, dass wir Daten \u00fcber Sie l\u00f6schen.<br \/>\nBeachten Sie, dass Informationen, die wir aufgrund anderer gesetzlicher Verpflichtungen (wie dem Rechnungslegungsgesetz) aufbewahren m\u00fcssen, nicht gel\u00f6scht werden.<\/p>\n<p><b>Einschr\u00e4nkung der Verarbeitung personenbezogener Daten<\/b><\/p>\n<p>In bestimmten Situationen k\u00f6nnen Sie auch verlangen, dass wir die Verarbeitung von Daten \u00fcber Sie einschr\u00e4nken.<br \/>\nDies tun Sie, indem Sie in unseren L\u00f6sungen Einwilligungen oder Vorbehalte verwalten.<\/p>\n<p><b>Widerspruch gegen die Verarbeitung personenbezogener Daten<\/b><\/p>\n<p>Wenn wir Daten \u00fcber Sie auf der Grundlage unserer Daten oder auf der Grundlage einer Interessenabw\u00e4gung verarbeiten, haben Sie das Recht, gegen die Verarbeitung von Daten \u00fcber Sie durch uns Widerspruch einzulegen.<br \/>\nDies tun Sie, indem Sie Einwilligungen oder Vorbehalte in unseren L\u00f6sungen verwalten.<\/p>\n<p><b>Daten\u00fcbertragbarkeit<\/b><\/p>\n<p>Sie haben das Recht, Ihre personenbezogenen Daten in einem strukturierten, allgemein verwendeten und maschinenlesbaren Format zu erhalten.<br \/>\nWenden Sie sich an die oben genannte E-Mail-Adresse, um Ihre pers\u00f6nlichen Daten zu erhalten.<\/p>\n<p><b>Sie k\u00f6nnen sich \u00fcber unsere Verarbeitung personenbezogener Daten beschweren<\/b><\/p>\n<p>Wir hoffen, dass Sie uns informieren, wenn Sie glauben, dass wir uns nicht an die Regeln des Gesetzes \u00fcber personenbezogene Daten halten.<br \/>\nBitte teilen Sie uns dies zun\u00e4chst \u00fcber den Kontakt oder den Kanal mit, den Sie bereits mit uns aufgebaut haben.<br \/>\nSie k\u00f6nnen sich auch bei der schwedischen Datenschutzbeh\u00f6rde (IMY) \u00fcber unsere Verarbeitung von personenbezogenen Daten beschweren.<\/p>\n<p>Traryd, 1. Februar 2024<\/p>\n<p>Jenni Nilsson CEO, J.Plymoth AB<\/p>\n","protected":false},"excerpt":{"rendered":"<p>J.Plymoth AB in Traryd ist der Datenverantwortliche f\u00fcr die in dieser Datenschutzerkl\u00e4rung beschriebene Verarbeitung personenbezogener Daten. In dieser Datenschutzerkl\u00e4rung erl\u00e4utern wir, welche Arten von personenbezogenen Daten wir speichern und wie wir sie verarbeiten. Diese Datenschutzrichtlinie gilt f\u00fcr: https: \/\/plymoth.com\/. Bitte beachten Sie, dass J. Plymoth AB nur an Unternehmen und Organisationen verkauft, niemals an Privatpersonen. [&hellip;]<\/p>\n","protected":false},"author":3,"featured_media":0,"parent":0,"menu_order":0,"comment_status":"closed","ping_status":"closed","template":"","meta":{"footnotes":""},"class_list":["post-5123","page","type-page","status-publish","hentry"],"acf":[],"yoast_head":"<!-- This site is optimized with the Yoast SEO plugin v22.4 - https:\/\/yoast.com\/wordpress\/plugins\/seo\/ -->\n<title>Datenschutzbestimmungen - Plymoth<\/title>\n<meta name=\"robots\" content=\"index, follow, max-snippet:-1, max-image-preview:large, max-video-preview:-1\" \/>\n<link rel=\"canonical\" href=\"https:\/\/plymoth.com\/de\/datenschutzbestimmungen\/\" \/>\n<meta property=\"og:locale\" content=\"de_DE\" \/>\n<meta property=\"og:type\" content=\"article\" \/>\n<meta property=\"og:title\" content=\"Datenschutzbestimmungen - Plymoth\" \/>\n<meta property=\"og:description\" content=\"J.Plymoth AB in Traryd ist der Datenverantwortliche f\u00fcr die in dieser Datenschutzerkl\u00e4rung beschriebene Verarbeitung personenbezogener Daten. In dieser Datenschutzerkl\u00e4rung erl\u00e4utern wir, welche Arten von personenbezogenen Daten wir speichern und wie wir sie verarbeiten. Diese Datenschutzrichtlinie gilt f\u00fcr: https: \/\/plymoth.com\/. Bitte beachten Sie, dass J. Plymoth AB nur an Unternehmen und Organisationen verkauft, niemals an Privatpersonen. [&hellip;]\" \/>\n<meta property=\"og:url\" content=\"https:\/\/plymoth.com\/de\/datenschutzbestimmungen\/\" \/>\n<meta property=\"og:site_name\" content=\"Plymoth\" \/>\n<meta property=\"article:publisher\" content=\"https:\/\/www.facebook.com\/jplymoth\" \/>\n<meta property=\"article:modified_time\" content=\"2024-10-04T09:50:46+00:00\" \/>\n<meta name=\"twitter:card\" content=\"summary_large_image\" \/>\n<meta name=\"twitter:label1\" content=\"Gesch\u00e4tzte Lesezeit\" \/>\n\t<meta name=\"twitter:data1\" content=\"5\u00a0Minuten\" \/>\n<script type=\"application\/ld+json\" class=\"yoast-schema-graph\">{\"@context\":\"https:\/\/schema.org\",\"@graph\":[{\"@type\":\"WebPage\",\"@id\":\"https:\/\/plymoth.com\/de\/datenschutzbestimmungen\/\",\"url\":\"https:\/\/plymoth.com\/de\/datenschutzbestimmungen\/\",\"name\":\"Datenschutzbestimmungen - Plymoth\",\"isPartOf\":{\"@id\":\"https:\/\/plymoth.com\/de\/#website\"},\"datePublished\":\"2024-02-03T23:39:59+00:00\",\"dateModified\":\"2024-10-04T09:50:46+00:00\",\"breadcrumb\":{\"@id\":\"https:\/\/plymoth.com\/de\/datenschutzbestimmungen\/#breadcrumb\"},\"inLanguage\":\"de\",\"potentialAction\":[{\"@type\":\"ReadAction\",\"target\":[\"https:\/\/plymoth.com\/de\/datenschutzbestimmungen\/\"]}]},{\"@type\":\"BreadcrumbList\",\"@id\":\"https:\/\/plymoth.com\/de\/datenschutzbestimmungen\/#breadcrumb\",\"itemListElement\":[{\"@type\":\"ListItem\",\"position\":1,\"name\":\"Home\",\"item\":\"https:\/\/plymoth.com\/de\/\"},{\"@type\":\"ListItem\",\"position\":2,\"name\":\"Datenschutzbestimmungen\"}]},{\"@type\":\"WebSite\",\"@id\":\"https:\/\/plymoth.com\/de\/#website\",\"url\":\"https:\/\/plymoth.com\/de\/\",\"name\":\"Plymoth\",\"description\":\"Dust, Fume Extractors and Oil Mist Collectors\",\"publisher\":{\"@id\":\"https:\/\/plymoth.com\/de\/#organization\"},\"potentialAction\":[{\"@type\":\"SearchAction\",\"target\":{\"@type\":\"EntryPoint\",\"urlTemplate\":\"https:\/\/plymoth.com\/de\/?s={search_term_string}\"},\"query-input\":\"required name=search_term_string\"}],\"inLanguage\":\"de\"},{\"@type\":\"Organization\",\"@id\":\"https:\/\/plymoth.com\/de\/#organization\",\"name\":\"Plymoth\",\"url\":\"https:\/\/plymoth.com\/de\/\",\"logo\":{\"@type\":\"ImageObject\",\"inLanguage\":\"de\",\"@id\":\"https:\/\/plymoth.com\/de\/#\/schema\/logo\/image\/\",\"url\":\"https:\/\/plymoth.com\/wp-content\/uploads\/2022\/09\/plymoth_original_CMYK.png\",\"contentUrl\":\"https:\/\/plymoth.com\/wp-content\/uploads\/2022\/09\/plymoth_original_CMYK.png\",\"width\":933,\"height\":195,\"caption\":\"Plymoth\"},\"image\":{\"@id\":\"https:\/\/plymoth.com\/de\/#\/schema\/logo\/image\/\"},\"sameAs\":[\"https:\/\/www.facebook.com\/jplymoth\"]}]}<\/script>\n<!-- \/ Yoast SEO plugin. -->","yoast_head_json":{"title":"Datenschutzbestimmungen - Plymoth","robots":{"index":"index","follow":"follow","max-snippet":"max-snippet:-1","max-image-preview":"max-image-preview:large","max-video-preview":"max-video-preview:-1"},"canonical":"https:\/\/plymoth.com\/de\/datenschutzbestimmungen\/","og_locale":"de_DE","og_type":"article","og_title":"Datenschutzbestimmungen - Plymoth","og_description":"J.Plymoth AB in Traryd ist der Datenverantwortliche f\u00fcr die in dieser Datenschutzerkl\u00e4rung beschriebene Verarbeitung personenbezogener Daten. In dieser Datenschutzerkl\u00e4rung erl\u00e4utern wir, welche Arten von personenbezogenen Daten wir speichern und wie wir sie verarbeiten. Diese Datenschutzrichtlinie gilt f\u00fcr: https: \/\/plymoth.com\/. Bitte beachten Sie, dass J. Plymoth AB nur an Unternehmen und Organisationen verkauft, niemals an Privatpersonen. [&hellip;]","og_url":"https:\/\/plymoth.com\/de\/datenschutzbestimmungen\/","og_site_name":"Plymoth","article_publisher":"https:\/\/www.facebook.com\/jplymoth","article_modified_time":"2024-10-04T09:50:46+00:00","twitter_card":"summary_large_image","twitter_misc":{"Gesch\u00e4tzte Lesezeit":"5\u00a0Minuten"},"schema":{"@context":"https:\/\/schema.org","@graph":[{"@type":"WebPage","@id":"https:\/\/plymoth.com\/de\/datenschutzbestimmungen\/","url":"https:\/\/plymoth.com\/de\/datenschutzbestimmungen\/","name":"Datenschutzbestimmungen - Plymoth","isPartOf":{"@id":"https:\/\/plymoth.com\/de\/#website"},"datePublished":"2024-02-03T23:39:59+00:00","dateModified":"2024-10-04T09:50:46+00:00","breadcrumb":{"@id":"https:\/\/plymoth.com\/de\/datenschutzbestimmungen\/#breadcrumb"},"inLanguage":"de","potentialAction":[{"@type":"ReadAction","target":["https:\/\/plymoth.com\/de\/datenschutzbestimmungen\/"]}]},{"@type":"BreadcrumbList","@id":"https:\/\/plymoth.com\/de\/datenschutzbestimmungen\/#breadcrumb","itemListElement":[{"@type":"ListItem","position":1,"name":"Home","item":"https:\/\/plymoth.com\/de\/"},{"@type":"ListItem","position":2,"name":"Datenschutzbestimmungen"}]},{"@type":"WebSite","@id":"https:\/\/plymoth.com\/de\/#website","url":"https:\/\/plymoth.com\/de\/","name":"Plymoth","description":"Dust, Fume Extractors and Oil Mist Collectors","publisher":{"@id":"https:\/\/plymoth.com\/de\/#organization"},"potentialAction":[{"@type":"SearchAction","target":{"@type":"EntryPoint","urlTemplate":"https:\/\/plymoth.com\/de\/?s={search_term_string}"},"query-input":"required name=search_term_string"}],"inLanguage":"de"},{"@type":"Organization","@id":"https:\/\/plymoth.com\/de\/#organization","name":"Plymoth","url":"https:\/\/plymoth.com\/de\/","logo":{"@type":"ImageObject","inLanguage":"de","@id":"https:\/\/plymoth.com\/de\/#\/schema\/logo\/image\/","url":"https:\/\/plymoth.com\/wp-content\/uploads\/2022\/09\/plymoth_original_CMYK.png","contentUrl":"https:\/\/plymoth.com\/wp-content\/uploads\/2022\/09\/plymoth_original_CMYK.png","width":933,"height":195,"caption":"Plymoth"},"image":{"@id":"https:\/\/plymoth.com\/de\/#\/schema\/logo\/image\/"},"sameAs":["https:\/\/www.facebook.com\/jplymoth"]}]}},"_links":{"self":[{"href":"https:\/\/plymoth.com\/de\/wp-json\/wp\/v2\/pages\/5123","targetHints":{"allow":["GET"]}}],"collection":[{"href":"https:\/\/plymoth.com\/de\/wp-json\/wp\/v2\/pages"}],"about":[{"href":"https:\/\/plymoth.com\/de\/wp-json\/wp\/v2\/types\/page"}],"author":[{"embeddable":true,"href":"https:\/\/plymoth.com\/de\/wp-json\/wp\/v2\/users\/3"}],"replies":[{"embeddable":true,"href":"https:\/\/plymoth.com\/de\/wp-json\/wp\/v2\/comments?post=5123"}],"version-history":[{"count":5,"href":"https:\/\/plymoth.com\/de\/wp-json\/wp\/v2\/pages\/5123\/revisions"}],"predecessor-version":[{"id":6731,"href":"https:\/\/plymoth.com\/de\/wp-json\/wp\/v2\/pages\/5123\/revisions\/6731"}],"wp:attachment":[{"href":"https:\/\/plymoth.com\/de\/wp-json\/wp\/v2\/media?parent=5123"}],"curies":[{"name":"wp","href":"https:\/\/api.w.org\/{rel}","templated":true}]}}