{"id":5111,"date":"2016-10-04T12:16:48","date_gmt":"2016-10-04T10:16:48","guid":{"rendered":"https:\/\/plymoth.com\/ueber\/"},"modified":"2025-09-10T08:37:03","modified_gmt":"2025-09-10T06:37:03","slug":"ueber-uns","status":"publish","type":"page","link":"https:\/\/plymoth.com\/de\/ueber-uns\/","title":{"rendered":"\u00dcBER UNS"},"content":{"rendered":"<p id=\"u1609-2\">J. Plymoth ist der schwedische Anbieter von Umweltprodukten und Systemen zur Reinigung der Luft.<br \/>\nSeit mehr als 40 Jahren entwickelt und verbessert Plymoth die Air Care Technology, indem es die Luftschadstoffe an der Quelle auff\u00e4ngt, filtert und recycelt.<br \/>\nDer Hauptsitz, Forschung und Entwicklung sowie die Hauptproduktion befinden sich in Schweden.<br \/>\nEin neues Montagewerk wurde 2007 in Shanghai, China, f\u00fcr den chinesischen Markt gebaut.<\/p>\n<p id=\"u1609-8\">Das hohe Umweltbewusstsein in Skandinavien in Verbindung mit der strengen Arbeitsplatzgesetzgebung in Europa war die treibende Kraft f\u00fcr die Entwicklung von hochwertigen Produkten und hocheffizienten Systeml\u00f6sungen.<\/p>\n<p id=\"u1609-11\">Heute wei\u00df man, dass eine gute Arbeitsumgebung nicht nur ges\u00fcndere Mitarbeiter bedeutet, sondern auch sicherere und bessere Produktionsqualit\u00e4t, h\u00f6here Effizienz und \u00d6kologie; ein Unternehmen mit einer guten Arbeitsumgebung ist ein attraktiver Arbeitsplatz.<\/p>\n<p id=\"u1609-14\">Die Umweltl\u00f6sungen von Plymoth tragen zu einem geringeren Energieverbrauch im Herstellungsprozess, einer Reduzierung der Emissionen in der Fabrik und damit zu einer geringeren Umweltbelastung bei.<\/p>\n<p>&nbsp;<\/p>\n<h2>Fabrik<\/h2>\n<p><span class=\"s1\">Die Produktionsst\u00e4tte ist \u00fcber 9.000 Quadratmeter gro\u00df und mit modernen und effizienten Trumpf Laserschneidmaschinen, Weinbrenner Abkantpressen, Schwei\u00dfabteilungen mit Manipulatoren, einer vollautomatischen Pulverbeschichtungsanlage mit Robotertechnik (900 m<\/span><span class=\"s2\">2<\/span><span class=\"s1\">) und gut ausgestattete Montageabteilungen.<br \/>\nDie qualifizierten Mitarbeiter von Plymoth stellen qualitativ hochwertige Produkte und Pr\u00e4zisionstechnik zu wettbewerbsf\u00e4higen Preisen her. <\/span><\/p>\n<p><img loading=\"lazy\" decoding=\"async\" width=\"507\" height=\"217\" class=\"alignnone size-full wp-image-45\" src=\"http:\/\/plymoth.com\/wp-content\/uploads\/2016\/10\/plymoth-factory.png\" alt=\"plymoth-factory\" srcset=\"https:\/\/plymoth.com\/wp-content\/uploads\/2016\/10\/plymoth-factory.png 507w, https:\/\/plymoth.com\/wp-content\/uploads\/2016\/10\/plymoth-factory-300x128.png 300w\" sizes=\"auto, (max-width: 507px) 100vw, 507px\" \/><\/p>\n","protected":false},"excerpt":{"rendered":"<p>J. Plymoth ist der schwedische Anbieter von Umweltprodukten und Systemen zur Reinigung der Luft. Seit mehr als 40 Jahren entwickelt und verbessert Plymoth die Air Care Technology, indem es die Luftschadstoffe an der Quelle auff\u00e4ngt, filtert und recycelt. Der Hauptsitz, Forschung und Entwicklung sowie die Hauptproduktion befinden sich in Schweden. Ein neues Montagewerk wurde 2007 [&hellip;]<\/p>\n","protected":false},"author":3,"featured_media":0,"parent":0,"menu_order":0,"comment_status":"closed","ping_status":"closed","template":"","meta":{"footnotes":""},"class_list":["post-5111","page","type-page","status-publish","hentry"],"acf":[],"yoast_head":"<!-- This site is optimized with the Yoast SEO plugin v22.4 - https:\/\/yoast.com\/wordpress\/plugins\/seo\/ -->\n<title>\u00dcBER UNS - Plymoth<\/title>\n<meta name=\"robots\" content=\"index, follow, max-snippet:-1, max-image-preview:large, max-video-preview:-1\" \/>\n<link rel=\"canonical\" href=\"https:\/\/plymoth.com\/de\/ueber-uns\/\" \/>\n<meta property=\"og:locale\" content=\"de_DE\" \/>\n<meta property=\"og:type\" content=\"article\" \/>\n<meta property=\"og:title\" content=\"\u00dcBER UNS - Plymoth\" \/>\n<meta property=\"og:description\" content=\"J. Plymoth ist der schwedische Anbieter von Umweltprodukten und Systemen zur Reinigung der Luft. Seit mehr als 40 Jahren entwickelt und verbessert Plymoth die Air Care Technology, indem es die Luftschadstoffe an der Quelle auff\u00e4ngt, filtert und recycelt. Der Hauptsitz, Forschung und Entwicklung sowie die Hauptproduktion befinden sich in Schweden. Ein neues Montagewerk wurde 2007 [&hellip;]\" \/>\n<meta property=\"og:url\" content=\"https:\/\/plymoth.com\/de\/ueber-uns\/\" \/>\n<meta property=\"og:site_name\" content=\"Plymoth\" \/>\n<meta property=\"article:publisher\" content=\"https:\/\/www.facebook.com\/jplymoth\" \/>\n<meta property=\"article:modified_time\" content=\"2025-09-10T06:37:03+00:00\" \/>\n<meta property=\"og:image\" content=\"http:\/\/plymoth.com\/wp-content\/uploads\/2016\/10\/plymoth-factory.png\" \/>\n<meta name=\"twitter:card\" content=\"summary_large_image\" \/>\n<meta name=\"twitter:label1\" content=\"Gesch\u00e4tzte Lesezeit\" \/>\n\t<meta name=\"twitter:data1\" content=\"2\u00a0Minuten\" \/>\n<script type=\"application\/ld+json\" class=\"yoast-schema-graph\">{\"@context\":\"https:\/\/schema.org\",\"@graph\":[{\"@type\":\"WebPage\",\"@id\":\"https:\/\/plymoth.com\/de\/ueber-uns\/\",\"url\":\"https:\/\/plymoth.com\/de\/ueber-uns\/\",\"name\":\"\u00dcBER UNS - Plymoth\",\"isPartOf\":{\"@id\":\"https:\/\/plymoth.com\/de\/#website\"},\"primaryImageOfPage\":{\"@id\":\"https:\/\/plymoth.com\/de\/ueber-uns\/#primaryimage\"},\"image\":{\"@id\":\"https:\/\/plymoth.com\/de\/ueber-uns\/#primaryimage\"},\"thumbnailUrl\":\"http:\/\/plymoth.com\/wp-content\/uploads\/2016\/10\/plymoth-factory.png\",\"datePublished\":\"2016-10-04T10:16:48+00:00\",\"dateModified\":\"2025-09-10T06:37:03+00:00\",\"breadcrumb\":{\"@id\":\"https:\/\/plymoth.com\/de\/ueber-uns\/#breadcrumb\"},\"inLanguage\":\"de\",\"potentialAction\":[{\"@type\":\"ReadAction\",\"target\":[\"https:\/\/plymoth.com\/de\/ueber-uns\/\"]}]},{\"@type\":\"ImageObject\",\"inLanguage\":\"de\",\"@id\":\"https:\/\/plymoth.com\/de\/ueber-uns\/#primaryimage\",\"url\":\"http:\/\/plymoth.com\/wp-content\/uploads\/2016\/10\/plymoth-factory.png\",\"contentUrl\":\"http:\/\/plymoth.com\/wp-content\/uploads\/2016\/10\/plymoth-factory.png\"},{\"@type\":\"BreadcrumbList\",\"@id\":\"https:\/\/plymoth.com\/de\/ueber-uns\/#breadcrumb\",\"itemListElement\":[{\"@type\":\"ListItem\",\"position\":1,\"name\":\"Home\",\"item\":\"https:\/\/plymoth.com\/de\/\"},{\"@type\":\"ListItem\",\"position\":2,\"name\":\"\u00dcBER UNS\"}]},{\"@type\":\"WebSite\",\"@id\":\"https:\/\/plymoth.com\/de\/#website\",\"url\":\"https:\/\/plymoth.com\/de\/\",\"name\":\"Plymoth\",\"description\":\"Dust, Fume Extractors and Oil Mist Collectors\",\"publisher\":{\"@id\":\"https:\/\/plymoth.com\/de\/#organization\"},\"potentialAction\":[{\"@type\":\"SearchAction\",\"target\":{\"@type\":\"EntryPoint\",\"urlTemplate\":\"https:\/\/plymoth.com\/de\/?s={search_term_string}\"},\"query-input\":\"required name=search_term_string\"}],\"inLanguage\":\"de\"},{\"@type\":\"Organization\",\"@id\":\"https:\/\/plymoth.com\/de\/#organization\",\"name\":\"Plymoth\",\"url\":\"https:\/\/plymoth.com\/de\/\",\"logo\":{\"@type\":\"ImageObject\",\"inLanguage\":\"de\",\"@id\":\"https:\/\/plymoth.com\/de\/#\/schema\/logo\/image\/\",\"url\":\"https:\/\/plymoth.com\/wp-content\/uploads\/2022\/09\/plymoth_original_CMYK.png\",\"contentUrl\":\"https:\/\/plymoth.com\/wp-content\/uploads\/2022\/09\/plymoth_original_CMYK.png\",\"width\":933,\"height\":195,\"caption\":\"Plymoth\"},\"image\":{\"@id\":\"https:\/\/plymoth.com\/de\/#\/schema\/logo\/image\/\"},\"sameAs\":[\"https:\/\/www.facebook.com\/jplymoth\"]}]}<\/script>\n<!-- \/ Yoast SEO plugin. -->","yoast_head_json":{"title":"\u00dcBER UNS - Plymoth","robots":{"index":"index","follow":"follow","max-snippet":"max-snippet:-1","max-image-preview":"max-image-preview:large","max-video-preview":"max-video-preview:-1"},"canonical":"https:\/\/plymoth.com\/de\/ueber-uns\/","og_locale":"de_DE","og_type":"article","og_title":"\u00dcBER UNS - Plymoth","og_description":"J. Plymoth ist der schwedische Anbieter von Umweltprodukten und Systemen zur Reinigung der Luft. Seit mehr als 40 Jahren entwickelt und verbessert Plymoth die Air Care Technology, indem es die Luftschadstoffe an der Quelle auff\u00e4ngt, filtert und recycelt. Der Hauptsitz, Forschung und Entwicklung sowie die Hauptproduktion befinden sich in Schweden. Ein neues Montagewerk wurde 2007 [&hellip;]","og_url":"https:\/\/plymoth.com\/de\/ueber-uns\/","og_site_name":"Plymoth","article_publisher":"https:\/\/www.facebook.com\/jplymoth","article_modified_time":"2025-09-10T06:37:03+00:00","og_image":[{"url":"http:\/\/plymoth.com\/wp-content\/uploads\/2016\/10\/plymoth-factory.png"}],"twitter_card":"summary_large_image","twitter_misc":{"Gesch\u00e4tzte Lesezeit":"2\u00a0Minuten"},"schema":{"@context":"https:\/\/schema.org","@graph":[{"@type":"WebPage","@id":"https:\/\/plymoth.com\/de\/ueber-uns\/","url":"https:\/\/plymoth.com\/de\/ueber-uns\/","name":"\u00dcBER UNS - Plymoth","isPartOf":{"@id":"https:\/\/plymoth.com\/de\/#website"},"primaryImageOfPage":{"@id":"https:\/\/plymoth.com\/de\/ueber-uns\/#primaryimage"},"image":{"@id":"https:\/\/plymoth.com\/de\/ueber-uns\/#primaryimage"},"thumbnailUrl":"http:\/\/plymoth.com\/wp-content\/uploads\/2016\/10\/plymoth-factory.png","datePublished":"2016-10-04T10:16:48+00:00","dateModified":"2025-09-10T06:37:03+00:00","breadcrumb":{"@id":"https:\/\/plymoth.com\/de\/ueber-uns\/#breadcrumb"},"inLanguage":"de","potentialAction":[{"@type":"ReadAction","target":["https:\/\/plymoth.com\/de\/ueber-uns\/"]}]},{"@type":"ImageObject","inLanguage":"de","@id":"https:\/\/plymoth.com\/de\/ueber-uns\/#primaryimage","url":"http:\/\/plymoth.com\/wp-content\/uploads\/2016\/10\/plymoth-factory.png","contentUrl":"http:\/\/plymoth.com\/wp-content\/uploads\/2016\/10\/plymoth-factory.png"},{"@type":"BreadcrumbList","@id":"https:\/\/plymoth.com\/de\/ueber-uns\/#breadcrumb","itemListElement":[{"@type":"ListItem","position":1,"name":"Home","item":"https:\/\/plymoth.com\/de\/"},{"@type":"ListItem","position":2,"name":"\u00dcBER UNS"}]},{"@type":"WebSite","@id":"https:\/\/plymoth.com\/de\/#website","url":"https:\/\/plymoth.com\/de\/","name":"Plymoth","description":"Dust, Fume Extractors and Oil Mist Collectors","publisher":{"@id":"https:\/\/plymoth.com\/de\/#organization"},"potentialAction":[{"@type":"SearchAction","target":{"@type":"EntryPoint","urlTemplate":"https:\/\/plymoth.com\/de\/?s={search_term_string}"},"query-input":"required name=search_term_string"}],"inLanguage":"de"},{"@type":"Organization","@id":"https:\/\/plymoth.com\/de\/#organization","name":"Plymoth","url":"https:\/\/plymoth.com\/de\/","logo":{"@type":"ImageObject","inLanguage":"de","@id":"https:\/\/plymoth.com\/de\/#\/schema\/logo\/image\/","url":"https:\/\/plymoth.com\/wp-content\/uploads\/2022\/09\/plymoth_original_CMYK.png","contentUrl":"https:\/\/plymoth.com\/wp-content\/uploads\/2022\/09\/plymoth_original_CMYK.png","width":933,"height":195,"caption":"Plymoth"},"image":{"@id":"https:\/\/plymoth.com\/de\/#\/schema\/logo\/image\/"},"sameAs":["https:\/\/www.facebook.com\/jplymoth"]}]}},"_links":{"self":[{"href":"https:\/\/plymoth.com\/de\/wp-json\/wp\/v2\/pages\/5111","targetHints":{"allow":["GET"]}}],"collection":[{"href":"https:\/\/plymoth.com\/de\/wp-json\/wp\/v2\/pages"}],"about":[{"href":"https:\/\/plymoth.com\/de\/wp-json\/wp\/v2\/types\/page"}],"author":[{"embeddable":true,"href":"https:\/\/plymoth.com\/de\/wp-json\/wp\/v2\/users\/3"}],"replies":[{"embeddable":true,"href":"https:\/\/plymoth.com\/de\/wp-json\/wp\/v2\/comments?post=5111"}],"version-history":[{"count":5,"href":"https:\/\/plymoth.com\/de\/wp-json\/wp\/v2\/pages\/5111\/revisions"}],"predecessor-version":[{"id":7341,"href":"https:\/\/plymoth.com\/de\/wp-json\/wp\/v2\/pages\/5111\/revisions\/7341"}],"wp:attachment":[{"href":"https:\/\/plymoth.com\/de\/wp-json\/wp\/v2\/media?parent=5111"}],"curies":[{"name":"wp","href":"https:\/\/api.w.org\/{rel}","templated":true}]}}